{"id":2464,"date":"2022-12-17T22:29:54","date_gmt":"2022-12-17T21:29:54","guid":{"rendered":"https:\/\/schilling-hagen-wohnen.de\/test-sayfasi-kiraci-4\/"},"modified":"2022-12-17T22:29:54","modified_gmt":"2022-12-17T21:29:54","slug":"test-sayfasi-kiraci-4","status":"publish","type":"page","link":"https:\/\/schilling-hagen-wohnen.de\/tr\/test-sayfasi-kiraci-4\/","title":{"rendered":"Test sayfas\u0131 kirac\u0131 4"},"content":{"rendered":"<p>[et_pb_section fb_built=&#8221;1&#8243; theme_builder_area=&#8221;post_content&#8221; _builder_version=&#8221;4.19.4&#8243; _module_preset=&#8221;default&#8221;][et_pb_row _builder_version=&#8221;4.19.4&#8243; _module_preset=&#8221;default&#8221; theme_builder_area=&#8221;post_content&#8221;][et_pb_column _builder_version=&#8221;4.19.4&#8243; _module_preset=&#8221;default&#8221; type=&#8221;4_4&#8243; theme_builder_area=&#8221;post_content&#8221;][et_pb_code _builder_version=&#8221;4.19.4&#8243; _module_preset=&#8221;default&#8221; theme_builder_area=&#8221;post_content&#8221; hover_enabled=&#8221;0&#8243; sticky_enabled=&#8221;0&#8243;]\t<!-- [et_pb_line_break_holder] -->[wpfm-downloads download_id=&#8221;1745&#8243;][\/et_pb_code][\/et_pb_column][\/et_pb_row][\/et_pb_section]<\/p>\n","protected":false},"excerpt":{"rendered":"<p>[wpfm-downloads download_id=&#8221;1745&#8243;]<\/p>\n","protected":false},"author":1,"featured_media":0,"parent":0,"menu_order":0,"comment_status":"closed","ping_status":"closed","template":"","meta":{"_et_pb_use_builder":"on","_et_pb_old_content":"","_et_gb_content_width":"","footnotes":""},"class_list":["post-2464","page","type-page","status-publish","hentry"],"yoast_head":"<!-- This site is optimized with the Yoast SEO plugin v27.4 - https:\/\/yoast.com\/product\/yoast-seo-wordpress\/ -->\n<title>Test sayfas\u0131 kirac\u0131 4 - Schilling M\u00fclk Y\u00f6netimi Hagen<\/title>\n<meta name=\"robots\" content=\"index, follow, max-snippet:-1, max-image-preview:large, max-video-preview:-1\" \/>\n<link rel=\"canonical\" href=\"https:\/\/schilling-hagen-wohnen.de\/test-sayfasi-kiraci-4\/\" \/>\n<meta property=\"og:locale\" content=\"tr_TR\" \/>\n<meta property=\"og:type\" content=\"article\" \/>\n<meta property=\"og:title\" content=\"Test sayfas\u0131 kirac\u0131 4 - Schilling M\u00fclk Y\u00f6netimi Hagen\" \/>\n<meta property=\"og:description\" content=\"[wpfm-downloads download_id=&quot;1745&quot;]\" \/>\n<meta property=\"og:url\" content=\"https:\/\/schilling-hagen-wohnen.de\/test-sayfasi-kiraci-4\/\" \/>\n<meta property=\"og:site_name\" content=\"Schilling M\u00fclk Y\u00f6netimi Hagen\" \/>\n<meta property=\"og:image\" content=\"https:\/\/schilling-hagen-wohnen.de\/wp-content\/uploads\/2022\/10\/Schilling-Hagen-Logo_400.png\" \/>\n\t<meta property=\"og:image:width\" content=\"400\" \/>\n\t<meta property=\"og:image:height\" content=\"103\" \/>\n\t<meta property=\"og:image:type\" content=\"image\/png\" \/>\n<meta name=\"twitter:card\" content=\"summary_large_image\" \/>\n<script type=\"application\/ld+json\" class=\"yoast-schema-graph\">{\"@context\":\"https:\\\/\\\/schema.org\",\"@graph\":[{\"@type\":\"WebPage\",\"@id\":\"https:\\\/\\\/schilling-hagen-wohnen.de\\\/test-sayfasi-kiraci-4\\\/\",\"url\":\"https:\\\/\\\/schilling-hagen-wohnen.de\\\/test-sayfasi-kiraci-4\\\/\",\"name\":\"Test sayfas\u0131 kirac\u0131 4 - Schilling M\u00fclk Y\u00f6netimi Hagen\",\"isPartOf\":{\"@id\":\"https:\\\/\\\/schilling-hagen-wohnen.de\\\/#website\"},\"datePublished\":\"2022-12-17T21:29:54+00:00\",\"breadcrumb\":{\"@id\":\"https:\\\/\\\/schilling-hagen-wohnen.de\\\/test-sayfasi-kiraci-4\\\/#breadcrumb\"},\"inLanguage\":\"tr\",\"potentialAction\":[{\"@type\":\"ReadAction\",\"target\":[\"https:\\\/\\\/schilling-hagen-wohnen.de\\\/test-sayfasi-kiraci-4\\\/\"]}]},{\"@type\":\"BreadcrumbList\",\"@id\":\"https:\\\/\\\/schilling-hagen-wohnen.de\\\/test-sayfasi-kiraci-4\\\/#breadcrumb\",\"itemListElement\":[{\"@type\":\"ListItem\",\"position\":1,\"name\":\"Startseite\",\"item\":\"https:\\\/\\\/schilling-hagen-wohnen.de\\\/tr\\\/\"},{\"@type\":\"ListItem\",\"position\":2,\"name\":\"Test sayfas\u0131 kirac\u0131 4\"}]},{\"@type\":\"WebSite\",\"@id\":\"https:\\\/\\\/schilling-hagen-wohnen.de\\\/#website\",\"url\":\"https:\\\/\\\/schilling-hagen-wohnen.de\\\/\",\"name\":\"Schilling M\u00fclk Y\u00f6netimi Hagen\",\"description\":\"... \u0130\u015fte ben b\u00f6yle ya\u015famak istiyorum.\",\"publisher\":{\"@id\":\"https:\\\/\\\/schilling-hagen-wohnen.de\\\/#organization\"},\"potentialAction\":[{\"@type\":\"SearchAction\",\"target\":{\"@type\":\"EntryPoint\",\"urlTemplate\":\"https:\\\/\\\/schilling-hagen-wohnen.de\\\/?s={search_term_string}\"},\"query-input\":{\"@type\":\"PropertyValueSpecification\",\"valueRequired\":true,\"valueName\":\"search_term_string\"}}],\"inLanguage\":\"tr\"},{\"@type\":\"Organization\",\"@id\":\"https:\\\/\\\/schilling-hagen-wohnen.de\\\/#organization\",\"name\":\"Schilling Hagen M\u00fclk Y\u00f6netimi\",\"alternateName\":\"Schilling Hagen Hausverwaltung\",\"url\":\"https:\\\/\\\/schilling-hagen-wohnen.de\\\/\",\"logo\":{\"@type\":\"ImageObject\",\"inLanguage\":\"tr\",\"@id\":\"https:\\\/\\\/schilling-hagen-wohnen.de\\\/#\\\/schema\\\/logo\\\/image\\\/\",\"url\":\"https:\\\/\\\/schilling-hagen-wohnen.de\\\/wp-content\\\/uploads\\\/2022\\\/11\\\/Schilling-Hagen-Logo_400.png\",\"contentUrl\":\"https:\\\/\\\/schilling-hagen-wohnen.de\\\/wp-content\\\/uploads\\\/2022\\\/11\\\/Schilling-Hagen-Logo_400.png\",\"width\":400,\"height\":103,\"caption\":\"Schilling Hagen M\u00fclk Y\u00f6netimi\"},\"image\":{\"@id\":\"https:\\\/\\\/schilling-hagen-wohnen.de\\\/#\\\/schema\\\/logo\\\/image\\\/\"}}]}<\/script>\n<!-- \/ Yoast SEO plugin. -->","yoast_head_json":{"title":"Test sayfas\u0131 kirac\u0131 4 - Schilling M\u00fclk Y\u00f6netimi Hagen","robots":{"index":"index","follow":"follow","max-snippet":"max-snippet:-1","max-image-preview":"max-image-preview:large","max-video-preview":"max-video-preview:-1"},"canonical":"https:\/\/schilling-hagen-wohnen.de\/test-sayfasi-kiraci-4\/","og_locale":"tr_TR","og_type":"article","og_title":"Test sayfas\u0131 kirac\u0131 4 - Schilling M\u00fclk Y\u00f6netimi Hagen","og_description":"[wpfm-downloads download_id=\"1745\"]","og_url":"https:\/\/schilling-hagen-wohnen.de\/test-sayfasi-kiraci-4\/","og_site_name":"Schilling M\u00fclk Y\u00f6netimi Hagen","og_image":[{"width":400,"height":103,"url":"https:\/\/schilling-hagen-wohnen.de\/wp-content\/uploads\/2022\/10\/Schilling-Hagen-Logo_400.png","type":"image\/png"}],"twitter_card":"summary_large_image","schema":{"@context":"https:\/\/schema.org","@graph":[{"@type":"WebPage","@id":"https:\/\/schilling-hagen-wohnen.de\/test-sayfasi-kiraci-4\/","url":"https:\/\/schilling-hagen-wohnen.de\/test-sayfasi-kiraci-4\/","name":"Test sayfas\u0131 kirac\u0131 4 - Schilling M\u00fclk Y\u00f6netimi Hagen","isPartOf":{"@id":"https:\/\/schilling-hagen-wohnen.de\/#website"},"datePublished":"2022-12-17T21:29:54+00:00","breadcrumb":{"@id":"https:\/\/schilling-hagen-wohnen.de\/test-sayfasi-kiraci-4\/#breadcrumb"},"inLanguage":"tr","potentialAction":[{"@type":"ReadAction","target":["https:\/\/schilling-hagen-wohnen.de\/test-sayfasi-kiraci-4\/"]}]},{"@type":"BreadcrumbList","@id":"https:\/\/schilling-hagen-wohnen.de\/test-sayfasi-kiraci-4\/#breadcrumb","itemListElement":[{"@type":"ListItem","position":1,"name":"Startseite","item":"https:\/\/schilling-hagen-wohnen.de\/tr\/"},{"@type":"ListItem","position":2,"name":"Test sayfas\u0131 kirac\u0131 4"}]},{"@type":"WebSite","@id":"https:\/\/schilling-hagen-wohnen.de\/#website","url":"https:\/\/schilling-hagen-wohnen.de\/","name":"Schilling M\u00fclk Y\u00f6netimi Hagen","description":"... \u0130\u015fte ben b\u00f6yle ya\u015famak istiyorum.","publisher":{"@id":"https:\/\/schilling-hagen-wohnen.de\/#organization"},"potentialAction":[{"@type":"SearchAction","target":{"@type":"EntryPoint","urlTemplate":"https:\/\/schilling-hagen-wohnen.de\/?s={search_term_string}"},"query-input":{"@type":"PropertyValueSpecification","valueRequired":true,"valueName":"search_term_string"}}],"inLanguage":"tr"},{"@type":"Organization","@id":"https:\/\/schilling-hagen-wohnen.de\/#organization","name":"Schilling Hagen M\u00fclk Y\u00f6netimi","alternateName":"Schilling Hagen Hausverwaltung","url":"https:\/\/schilling-hagen-wohnen.de\/","logo":{"@type":"ImageObject","inLanguage":"tr","@id":"https:\/\/schilling-hagen-wohnen.de\/#\/schema\/logo\/image\/","url":"https:\/\/schilling-hagen-wohnen.de\/wp-content\/uploads\/2022\/11\/Schilling-Hagen-Logo_400.png","contentUrl":"https:\/\/schilling-hagen-wohnen.de\/wp-content\/uploads\/2022\/11\/Schilling-Hagen-Logo_400.png","width":400,"height":103,"caption":"Schilling Hagen M\u00fclk Y\u00f6netimi"},"image":{"@id":"https:\/\/schilling-hagen-wohnen.de\/#\/schema\/logo\/image\/"}}]}},"_links":{"self":[{"href":"https:\/\/schilling-hagen-wohnen.de\/tr\/wp-json\/wp\/v2\/pages\/2464","targetHints":{"allow":["GET"]}}],"collection":[{"href":"https:\/\/schilling-hagen-wohnen.de\/tr\/wp-json\/wp\/v2\/pages"}],"about":[{"href":"https:\/\/schilling-hagen-wohnen.de\/tr\/wp-json\/wp\/v2\/types\/page"}],"author":[{"embeddable":true,"href":"https:\/\/schilling-hagen-wohnen.de\/tr\/wp-json\/wp\/v2\/users\/1"}],"replies":[{"embeddable":true,"href":"https:\/\/schilling-hagen-wohnen.de\/tr\/wp-json\/wp\/v2\/comments?post=2464"}],"version-history":[{"count":0,"href":"https:\/\/schilling-hagen-wohnen.de\/tr\/wp-json\/wp\/v2\/pages\/2464\/revisions"}],"wp:attachment":[{"href":"https:\/\/schilling-hagen-wohnen.de\/tr\/wp-json\/wp\/v2\/media?parent=2464"}],"curies":[{"name":"wp","href":"https:\/\/api.w.org\/{rel}","templated":true}]}}