{"id":2483,"date":"2022-10-16T17:01:21","date_gmt":"2022-10-16T15:01:21","guid":{"rendered":"https:\/\/schilling-hagen-wohnen.de\/elektromobilite\/"},"modified":"2022-10-16T17:01:21","modified_gmt":"2022-10-16T15:01:21","slug":"elektromobilite","status":"publish","type":"page","link":"https:\/\/schilling-hagen-wohnen.de\/tr\/elektromobilite\/","title":{"rendered":"Elektromobilite"},"content":{"rendered":"<p>[et_pb_section fb_built=&#8221;1&#8243; disabled_on=&#8221;off|off|off&#8221; admin_label=&#8221;Header Section&#8221; _builder_version=&#8221;4.19.0&#8243; background_image=&#8221;https:\/\/schilling-hagen-wohnen.de\/wp-content\/uploads\/2022\/11\/E-Auto_447325076_Foto-Ruhrgebiet_1920x729.jpg&#8221; background_position=&#8221;top_center&#8221; custom_margin=&#8221;|||&#8221; custom_padding=&#8221;6vw|0px|6vw|0px&#8221; bottom_divider_color=&#8221;rgba(5,41,66,0.3)&#8221; bottom_divider_height=&#8221;20vw&#8221; animation_style=&#8221;slide&#8221; animation_direction=&#8221;top&#8221; animation_intensity_slide=&#8221;3%&#8221; animation_starting_opacity=&#8221;100%&#8221; hover_enabled=&#8221;0&#8243; global_colors_info=&#8221;{}&#8221; alt=&#8221;Schilling Hagen Ya\u015fam&#8221; title_text=&#8221;E-Auto_447325076_Foto-Ruhrgebiet_1920x729&#8243; sticky_enabled=&#8221;0&#8243;][et_pb_row disabled_on=&#8221;off|off|off&#8221; module_class=&#8221;  et_pb_row_fullwidth&#8221; _builder_version=&#8221;4.16&#8243; width=&#8221;89%&#8221; width_tablet=&#8221;80%&#8221; width_phone=&#8221;&#8221; width_last_edited=&#8221;on|desktop&#8221; max_width=&#8221;89%&#8221; max_width_tablet=&#8221;80%&#8221; max_width_phone=&#8221;&#8221; max_width_last_edited=&#8221;on|desktop&#8221; custom_padding=&#8221;|||&#8221; make_fullwidth=&#8221;on&#8221; global_colors_info=&#8221;{}&#8221;][et_pb_column type=&#8221;4_4&#8243; _builder_version=&#8221;4.16&#8243; custom_padding=&#8221;|||&#8221; global_colors_info=&#8221;{}&#8221; custom_padding__hover=&#8221;|||&#8221;][et_pb_text disabled_on=&#8221;off|off|off&#8221; _builder_version=&#8221;4.16&#8243; text_font=&#8221;||||||||&#8221; text_font_size=&#8221;12px&#8221; text_line_height=&#8221;1.5em&#8221; header_font=&#8221;|600||on|||||&#8221; header_text_align=&#8221;center&#8221; header_font_size=&#8221;5vw&#8221; header_line_height=&#8221;1.5em&#8221; text_orientation=&#8221;center&#8221; background_layout=&#8221;dark&#8221; custom_margin=&#8221;|||&#8221; header_font_size_tablet=&#8221;50px&#8221; header_font_size_phone=&#8221;&#8221; header_font_size_last_edited=&#8221;on|desktop&#8221; header_line_height_tablet=&#8221;1.1em&#8221; header_line_height_phone=&#8221;1.2em&#8221; header_line_height_last_edited=&#8221;off|desktop&#8221; text_text_shadow_style=&#8221;preset3&#8243; text_text_shadow_blur_strength=&#8221;2em&#8221; global_colors_info=&#8221;{}&#8221;]<\/p>\n<h1>Elektromobilite<\/h1>\n<p>[\/et_pb_text][\/et_pb_column][\/et_pb_row][\/et_pb_section][et_pb_section fb_built=&#8221;1&#8243; _builder_version=&#8221;4.16&#8243; global_colors_info=&#8221;{}&#8221;][et_pb_row _builder_version=&#8221;4.16&#8243; global_colors_info=&#8221;{}&#8221;][et_pb_column type=&#8221;4_4&#8243; _builder_version=&#8221;4.16&#8243; global_colors_info=&#8221;{}&#8221;][et_pb_text _builder_version=&#8221;4.16&#8243; global_colors_info=&#8221;{}&#8221;]<\/p>\n<h1 style=\"text-align: center;\">E-arac\u0131n\u0131z i\u00e7in Wallbox<\/h1>\n<p>[\/et_pb_text][\/et_pb_column][\/et_pb_row][et_pb_row column_structure=&#8221;1_2,1_2&#8243; _builder_version=&#8221;4.16&#8243; global_colors_info=&#8221;{}&#8221;][et_pb_column type=&#8221;1_2&#8243; _builder_version=&#8221;4.16&#8243; global_colors_info=&#8221;{}&#8221;][et_pb_text _builder_version=&#8221;4.16&#8243; global_colors_info=&#8221;{}&#8221;]<\/p>\n<h3 style=\"text-align: justify;\">\u00c7evre dostu ye\u015fil elektrikle doldurun<\/h3>\n<p style=\"text-align: justify;\">Halihaz\u0131rda bir e-araban\u0131z var m\u0131 ya da bir tane sat\u0131n almay\u0131 m\u0131 planl\u0131yorsunuz? O zaman park yerinizde kendi duvar kutunuz varsa \u00e7ok pratik olacakt\u0131r.  <\/p>\n<p style=\"text-align: justify;\">Bizimle ileti\u015fime ge\u00e7in ve sahan\u0131zda bir kurulumun m\u00fcmk\u00fcn olup olmad\u0131\u011f\u0131n\u0131 kontrol edelim.<\/p>\n<p style=\"text-align: justify;\">[\/et_pb_text][\/et_pb_column][et_pb_column type=&#8221;1_2&#8243; _builder_version=&#8221;4.16&#8243; background_color=&#8221;rgba(228,201,188,0.52)&#8221; global_colors_info=&#8221;{}&#8221;][et_pb_image src=&#8221;https:\/\/schilling-hagen-wohnen.de\/wp-content\/uploads\/2022\/11\/E-Auto_447325076_Foto-Ruhrgebiet_900x600.jpg&#8221; _builder_version=&#8221;4.19.0&#8243; hover_enabled=&#8221;0&#8243; global_colors_info=&#8221;{}&#8221; alt=&#8221;Schilling Hagen Ya\u015fam&#8221; title_text=&#8221;E-Auto_447325076_Foto-Ruhrgebiet_900x600&#8243; sticky_enabled=&#8221;0&#8243;][\/et_pb_image][\/et_pb_column][\/et_pb_row][\/et_pb_section]<\/p>\n","protected":false},"excerpt":{"rendered":"<p>ElektromobiliteE-arac\u0131n\u0131z i\u00e7in Wallbox\u00c7evre dostu ye\u015fil elektrikle doldurun Halihaz\u0131rda bir e-araban\u0131z var m\u0131 ya da bir tane sat\u0131n almay\u0131 m\u0131 planl\u0131yorsunuz? O zaman park yerinizde kendi duvar kutunuz varsa \u00e7ok pratik olacakt\u0131r. Bizimle ileti\u015fime ge\u00e7in ve sahan\u0131zda bir kurulumun m\u00fcmk\u00fcn olup olmad\u0131\u011f\u0131n\u0131 kontrol edelim.<\/p>\n","protected":false},"author":1,"featured_media":0,"parent":0,"menu_order":0,"comment_status":"closed","ping_status":"closed","template":"","meta":{"_et_pb_use_builder":"on","_et_pb_old_content":"","_et_gb_content_width":"","footnotes":""},"class_list":["post-2483","page","type-page","status-publish","hentry"],"yoast_head":"<!-- This site is optimized with the Yoast SEO plugin v27.4 - https:\/\/yoast.com\/product\/yoast-seo-wordpress\/ -->\n<title>Elektromobilite - Schilling M\u00fclk Y\u00f6netimi Hagen<\/title>\n<meta name=\"robots\" content=\"index, follow, max-snippet:-1, max-image-preview:large, max-video-preview:-1\" \/>\n<link rel=\"canonical\" href=\"https:\/\/schilling-hagen-wohnen.de\/elektromobilite\/\" \/>\n<meta property=\"og:locale\" content=\"tr_TR\" \/>\n<meta property=\"og:type\" content=\"article\" \/>\n<meta property=\"og:title\" content=\"Elektromobilite - Schilling M\u00fclk Y\u00f6netimi Hagen\" \/>\n<meta property=\"og:description\" content=\"ElektromobiliteE-arac\u0131n\u0131z i\u00e7in Wallbox\u00c7evre dostu ye\u015fil elektrikle doldurun Halihaz\u0131rda bir e-araban\u0131z var m\u0131 ya da bir tane sat\u0131n almay\u0131 m\u0131 planl\u0131yorsunuz? O zaman park yerinizde kendi duvar kutunuz varsa \u00e7ok pratik olacakt\u0131r. Bizimle ileti\u015fime ge\u00e7in ve sahan\u0131zda bir kurulumun m\u00fcmk\u00fcn olup olmad\u0131\u011f\u0131n\u0131 kontrol edelim.\" \/>\n<meta property=\"og:url\" content=\"https:\/\/schilling-hagen-wohnen.de\/elektromobilite\/\" \/>\n<meta property=\"og:site_name\" content=\"Schilling M\u00fclk Y\u00f6netimi Hagen\" \/>\n<meta property=\"og:image\" content=\"https:\/\/schilling-hagen-wohnen.de\/wp-content\/uploads\/2022\/10\/Schilling-Hagen-Logo_400.png\" \/>\n\t<meta property=\"og:image:width\" content=\"400\" \/>\n\t<meta property=\"og:image:height\" content=\"103\" \/>\n\t<meta property=\"og:image:type\" content=\"image\/png\" \/>\n<meta name=\"twitter:card\" content=\"summary_large_image\" \/>\n<meta name=\"twitter:label1\" content=\"Tahmini okuma s\u00fcresi\" \/>\n\t<meta name=\"twitter:data1\" content=\"2 dakika\" \/>\n<script type=\"application\/ld+json\" class=\"yoast-schema-graph\">{\"@context\":\"https:\\\/\\\/schema.org\",\"@graph\":[{\"@type\":\"WebPage\",\"@id\":\"https:\\\/\\\/schilling-hagen-wohnen.de\\\/elektromobilite\\\/\",\"url\":\"https:\\\/\\\/schilling-hagen-wohnen.de\\\/elektromobilite\\\/\",\"name\":\"Elektromobilite - Schilling M\u00fclk Y\u00f6netimi Hagen\",\"isPartOf\":{\"@id\":\"https:\\\/\\\/schilling-hagen-wohnen.de\\\/#website\"},\"datePublished\":\"2022-10-16T15:01:21+00:00\",\"breadcrumb\":{\"@id\":\"https:\\\/\\\/schilling-hagen-wohnen.de\\\/elektromobilite\\\/#breadcrumb\"},\"inLanguage\":\"tr\",\"potentialAction\":[{\"@type\":\"ReadAction\",\"target\":[\"https:\\\/\\\/schilling-hagen-wohnen.de\\\/elektromobilite\\\/\"]}]},{\"@type\":\"BreadcrumbList\",\"@id\":\"https:\\\/\\\/schilling-hagen-wohnen.de\\\/elektromobilite\\\/#breadcrumb\",\"itemListElement\":[{\"@type\":\"ListItem\",\"position\":1,\"name\":\"Startseite\",\"item\":\"https:\\\/\\\/schilling-hagen-wohnen.de\\\/tr\\\/\"},{\"@type\":\"ListItem\",\"position\":2,\"name\":\"Elektromobilite\"}]},{\"@type\":\"WebSite\",\"@id\":\"https:\\\/\\\/schilling-hagen-wohnen.de\\\/#website\",\"url\":\"https:\\\/\\\/schilling-hagen-wohnen.de\\\/\",\"name\":\"Schilling M\u00fclk Y\u00f6netimi Hagen\",\"description\":\"... \u0130\u015fte ben b\u00f6yle ya\u015famak istiyorum.\",\"publisher\":{\"@id\":\"https:\\\/\\\/schilling-hagen-wohnen.de\\\/#organization\"},\"potentialAction\":[{\"@type\":\"SearchAction\",\"target\":{\"@type\":\"EntryPoint\",\"urlTemplate\":\"https:\\\/\\\/schilling-hagen-wohnen.de\\\/?s={search_term_string}\"},\"query-input\":{\"@type\":\"PropertyValueSpecification\",\"valueRequired\":true,\"valueName\":\"search_term_string\"}}],\"inLanguage\":\"tr\"},{\"@type\":\"Organization\",\"@id\":\"https:\\\/\\\/schilling-hagen-wohnen.de\\\/#organization\",\"name\":\"Schilling Hagen M\u00fclk Y\u00f6netimi\",\"alternateName\":\"Schilling Hagen Hausverwaltung\",\"url\":\"https:\\\/\\\/schilling-hagen-wohnen.de\\\/\",\"logo\":{\"@type\":\"ImageObject\",\"inLanguage\":\"tr\",\"@id\":\"https:\\\/\\\/schilling-hagen-wohnen.de\\\/#\\\/schema\\\/logo\\\/image\\\/\",\"url\":\"https:\\\/\\\/schilling-hagen-wohnen.de\\\/wp-content\\\/uploads\\\/2022\\\/11\\\/Schilling-Hagen-Logo_400.png\",\"contentUrl\":\"https:\\\/\\\/schilling-hagen-wohnen.de\\\/wp-content\\\/uploads\\\/2022\\\/11\\\/Schilling-Hagen-Logo_400.png\",\"width\":400,\"height\":103,\"caption\":\"Schilling Hagen M\u00fclk Y\u00f6netimi\"},\"image\":{\"@id\":\"https:\\\/\\\/schilling-hagen-wohnen.de\\\/#\\\/schema\\\/logo\\\/image\\\/\"}}]}<\/script>\n<!-- \/ Yoast SEO plugin. -->","yoast_head_json":{"title":"Elektromobilite - Schilling M\u00fclk Y\u00f6netimi Hagen","robots":{"index":"index","follow":"follow","max-snippet":"max-snippet:-1","max-image-preview":"max-image-preview:large","max-video-preview":"max-video-preview:-1"},"canonical":"https:\/\/schilling-hagen-wohnen.de\/elektromobilite\/","og_locale":"tr_TR","og_type":"article","og_title":"Elektromobilite - Schilling M\u00fclk Y\u00f6netimi Hagen","og_description":"ElektromobiliteE-arac\u0131n\u0131z i\u00e7in Wallbox\u00c7evre dostu ye\u015fil elektrikle doldurun Halihaz\u0131rda bir e-araban\u0131z var m\u0131 ya da bir tane sat\u0131n almay\u0131 m\u0131 planl\u0131yorsunuz? O zaman park yerinizde kendi duvar kutunuz varsa \u00e7ok pratik olacakt\u0131r. Bizimle ileti\u015fime ge\u00e7in ve sahan\u0131zda bir kurulumun m\u00fcmk\u00fcn olup olmad\u0131\u011f\u0131n\u0131 kontrol edelim.","og_url":"https:\/\/schilling-hagen-wohnen.de\/elektromobilite\/","og_site_name":"Schilling M\u00fclk Y\u00f6netimi Hagen","og_image":[{"width":400,"height":103,"url":"https:\/\/schilling-hagen-wohnen.de\/wp-content\/uploads\/2022\/10\/Schilling-Hagen-Logo_400.png","type":"image\/png"}],"twitter_card":"summary_large_image","twitter_misc":{"Tahmini okuma s\u00fcresi":"2 dakika"},"schema":{"@context":"https:\/\/schema.org","@graph":[{"@type":"WebPage","@id":"https:\/\/schilling-hagen-wohnen.de\/elektromobilite\/","url":"https:\/\/schilling-hagen-wohnen.de\/elektromobilite\/","name":"Elektromobilite - Schilling M\u00fclk Y\u00f6netimi Hagen","isPartOf":{"@id":"https:\/\/schilling-hagen-wohnen.de\/#website"},"datePublished":"2022-10-16T15:01:21+00:00","breadcrumb":{"@id":"https:\/\/schilling-hagen-wohnen.de\/elektromobilite\/#breadcrumb"},"inLanguage":"tr","potentialAction":[{"@type":"ReadAction","target":["https:\/\/schilling-hagen-wohnen.de\/elektromobilite\/"]}]},{"@type":"BreadcrumbList","@id":"https:\/\/schilling-hagen-wohnen.de\/elektromobilite\/#breadcrumb","itemListElement":[{"@type":"ListItem","position":1,"name":"Startseite","item":"https:\/\/schilling-hagen-wohnen.de\/tr\/"},{"@type":"ListItem","position":2,"name":"Elektromobilite"}]},{"@type":"WebSite","@id":"https:\/\/schilling-hagen-wohnen.de\/#website","url":"https:\/\/schilling-hagen-wohnen.de\/","name":"Schilling M\u00fclk Y\u00f6netimi Hagen","description":"... \u0130\u015fte ben b\u00f6yle ya\u015famak istiyorum.","publisher":{"@id":"https:\/\/schilling-hagen-wohnen.de\/#organization"},"potentialAction":[{"@type":"SearchAction","target":{"@type":"EntryPoint","urlTemplate":"https:\/\/schilling-hagen-wohnen.de\/?s={search_term_string}"},"query-input":{"@type":"PropertyValueSpecification","valueRequired":true,"valueName":"search_term_string"}}],"inLanguage":"tr"},{"@type":"Organization","@id":"https:\/\/schilling-hagen-wohnen.de\/#organization","name":"Schilling Hagen M\u00fclk Y\u00f6netimi","alternateName":"Schilling Hagen Hausverwaltung","url":"https:\/\/schilling-hagen-wohnen.de\/","logo":{"@type":"ImageObject","inLanguage":"tr","@id":"https:\/\/schilling-hagen-wohnen.de\/#\/schema\/logo\/image\/","url":"https:\/\/schilling-hagen-wohnen.de\/wp-content\/uploads\/2022\/11\/Schilling-Hagen-Logo_400.png","contentUrl":"https:\/\/schilling-hagen-wohnen.de\/wp-content\/uploads\/2022\/11\/Schilling-Hagen-Logo_400.png","width":400,"height":103,"caption":"Schilling Hagen M\u00fclk Y\u00f6netimi"},"image":{"@id":"https:\/\/schilling-hagen-wohnen.de\/#\/schema\/logo\/image\/"}}]}},"_links":{"self":[{"href":"https:\/\/schilling-hagen-wohnen.de\/tr\/wp-json\/wp\/v2\/pages\/2483","targetHints":{"allow":["GET"]}}],"collection":[{"href":"https:\/\/schilling-hagen-wohnen.de\/tr\/wp-json\/wp\/v2\/pages"}],"about":[{"href":"https:\/\/schilling-hagen-wohnen.de\/tr\/wp-json\/wp\/v2\/types\/page"}],"author":[{"embeddable":true,"href":"https:\/\/schilling-hagen-wohnen.de\/tr\/wp-json\/wp\/v2\/users\/1"}],"replies":[{"embeddable":true,"href":"https:\/\/schilling-hagen-wohnen.de\/tr\/wp-json\/wp\/v2\/comments?post=2483"}],"version-history":[{"count":0,"href":"https:\/\/schilling-hagen-wohnen.de\/tr\/wp-json\/wp\/v2\/pages\/2483\/revisions"}],"wp:attachment":[{"href":"https:\/\/schilling-hagen-wohnen.de\/tr\/wp-json\/wp\/v2\/media?parent=2483"}],"curies":[{"name":"wp","href":"https:\/\/api.w.org\/{rel}","templated":true}]}}