{"id":2490,"date":"2022-10-15T13:12:47","date_gmt":"2022-10-15T11:12:47","guid":{"rendered":"https:\/\/schilling-hagen-wohnen.de\/bizimle-sagladiginiz-avantajlar\/"},"modified":"2025-04-22T12:56:43","modified_gmt":"2025-04-22T10:56:43","slug":"bizimle-sagladiginiz-avantajlar","status":"publish","type":"page","link":"https:\/\/schilling-hagen-wohnen.de\/tr\/bizimle-sagladiginiz-avantajlar\/","title":{"rendered":"Bizimle sa\u011flad\u0131\u011f\u0131n\u0131z avantajlar"},"content":{"rendered":"\n[et_pb_section fb_built=&#8221;1&#8243; disabled_on=&#8221;off|off|off&#8221; admin_label=&#8221;Header Section&#8221; _builder_version=&#8221;4.19.0&#8243; background_image=&#8221;https:\/\/schilling-hagen-wohnen.de\/wp-content\/uploads\/2022\/11\/Eltern_Maedchen_b_1920x729.jpg&#8221; parallax=&#8221;on&#8221; custom_margin=&#8221;|||&#8221; custom_padding=&#8221;6vw|0px|6vw|0px&#8221; bottom_divider_color=&#8221;rgba(5,41,66,0.3)&#8221; bottom_divider_height=&#8221;20vw&#8221; animation_style=&#8221;slide&#8221; animation_direction=&#8221;top&#8221; animation_intensity_slide=&#8221;3%&#8221; animation_starting_opacity=&#8221;100%&#8221; global_colors_info=&#8221;{}&#8221;][et_pb_row disabled_on=&#8221;off|off|off&#8221; module_class=&#8221; et_pb_row_fullwidth&#8221; _builder_version=&#8221;4.16&#8243; width=&#8221;89%&#8221; width_tablet=&#8221;80%&#8221; width_phone=&#8221;&#8221; width_last_edited=&#8221;on|desktop&#8221; max_width=&#8221;89%&#8221; max_width_tablet=&#8221;80%&#8221; max_width_phone=&#8221;&#8221; max_width_last_edited=&#8221;on|desktop&#8221; custom_padding=&#8221;|||&#8221; make_fullwidth=&#8221;on&#8221; global_colors_info=&#8221;{}&#8221;][et_pb_column type=&#8221;4_4&#8243; _builder_version=&#8221;4.16&#8243; custom_padding=&#8221;|||&#8221; global_colors_info=&#8221;{}&#8221; custom_padding__hover=&#8221;|||&#8221;][et_pb_text disabled_on=&#8221;off|off|off&#8221; _builder_version=&#8221;4.19.4&#8243; text_font=&#8221;||||||||&#8221; text_font_size=&#8221;12px&#8221; text_line_height=&#8221;1.5em&#8221; header_font=&#8221;|600||on|||||&#8221; header_text_align=&#8221;center&#8221; header_font_size=&#8221;5vw&#8221; header_line_height=&#8221;1.5em&#8221; text_orientation=&#8221;center&#8221; background_layout=&#8221;dark&#8221; custom_margin=&#8221;|||&#8221; hover_enabled=&#8221;0&#8243; header_font_size_tablet=&#8221;50px&#8221; header_font_size_phone=&#8221;30px&#8221; header_font_size_last_edited=&#8221;on|desktop&#8221; header_line_height_tablet=&#8221;1.1em&#8221; header_line_height_phone=&#8221;1.2em&#8221; header_line_height_last_edited=&#8221;off|desktop&#8221; text_text_shadow_style=&#8221;preset3&#8243; text_text_shadow_blur_strength=&#8221;2em&#8221; global_colors_info=&#8221;{}&#8221; sticky_enabled=&#8221;0&#8243;]<h1>Bizimle sa\u011flad\u0131\u011f\u0131n\u0131z avantajlar<\/h1>[\/et_pb_text][\/et_pb_column][\/et_pb_row][\/et_pb_section][et_pb_section fb_built=&#8221;1&#8243; _builder_version=&#8221;4.16&#8243; global_colors_info=&#8221;{}&#8221;][et_pb_row _builder_version=&#8221;4.16&#8243; global_colors_info=&#8221;{}&#8221;][et_pb_column type=&#8221;4_4&#8243; _builder_version=&#8221;4.16&#8243; global_colors_info=&#8221;{}&#8221;][et_pb_text _builder_version=&#8221;4.16&#8243; animation_style=&#8221;fade&#8221; global_colors_info=&#8221;{}&#8221;]<h1 style=\"text-align: center;\">Bizimle sa\u011flad\u0131\u011f\u0131n\u0131z avantajlar<\/h1>[\/et_pb_text][\/et_pb_column][\/et_pb_row][et_pb_row column_structure=&#8221;1_2,1_2&#8243; _builder_version=&#8221;4.16&#8243; global_colors_info=&#8221;{}&#8221;][et_pb_column type=&#8221;1_2&#8243; _builder_version=&#8221;4.16&#8243; background_color=&#8221;rgba(0,0,0,0)&#8221; global_colors_info=&#8221;{}&#8221;][et_pb_text _builder_version=&#8221;4.19.2&#8243; animation_style=&#8221;slide&#8221; animation_direction=&#8221;left&#8221; global_colors_info=&#8221;{}&#8221;]<h3>Schilling&#8217;de ya\u015famak i\u00e7in pek \u00e7ok iyi neden var:<\/h3>\n<ul>\n<li>Merkezi yerlerde ya\u015famak \u015fu anlama gelir: sizin i\u00e7in daha k\u0131sa mesafeler<\/li>\n<li>Uygun fiyata modernize edilmi\u015f daireler<\/li>\n<li>Katma de\u011ferli ya\u015fam\u0131n\u0131z i\u00e7in \u00e7ok \u00e7e\u015fitli ya\u015fam programlar\u0131<\/li>\n<li>kirac\u0131lar\u0131m\u0131z Schilling Card ile indirimli al\u0131\u015fveri\u015fin tad\u0131n\u0131 \u00e7\u0131kar\u0131yor<\/li>\n<li>D\u00fc\u015f\u00fck fiyata geni\u015f bir hizmet yelpazesi<\/li>\n<li>\u015eeffaf \u0131s\u0131tma ve yan maliyet tablolar\u0131<\/li>\n<li>Arac\u0131l\u0131k komisyonu ve i\u015flem \u00fccreti yok<\/li>\n<li>yan\u0131n\u0131zda g\u00fc\u00e7l\u00fc ve yetkin bir orta\u011f\u0131z<\/li>\n<\/ul>[\/et_pb_text][\/et_pb_column][et_pb_column type=&#8221;1_2&#8243; _builder_version=&#8221;4.16&#8243; background_color=&#8221;rgba(0,0,0,0)&#8221; global_colors_info=&#8221;{}&#8221;][et_pb_image src=&#8221;https:\/\/schilling-hagen-wohnen.de\/wp-content\/uploads\/2022\/11\/wohnungen_in_hagen_schilling_eltern_und_tochter.jpg&#8221; alt=&#8221;Schilling Hagen Ya\u015fam&#8221; title_text=&#8221;Eltern_Maedchen_900x600&#8243; _builder_version=&#8221;4.19.0&#8243; animation_style=&#8221;slide&#8221; animation_direction=&#8221;right&#8221; global_colors_info=&#8221;{}&#8221;][\/et_pb_image][\/et_pb_column][\/et_pb_row][\/et_pb_section][et_pb_section fb_built=&#8221;1&#8243; _builder_version=&#8221;4.19.2&#8243; _module_preset=&#8221;default&#8221; background_color=&#8221;rgba(217,218,219,0.19)&#8221; global_colors_info=&#8221;{}&#8221;][et_pb_row column_structure=&#8221;1_4,1_4,1_4,1_4&#8243; _builder_version=&#8221;4.19.2&#8243; _module_preset=&#8221;default&#8221; global_colors_info=&#8221;{}&#8221;][et_pb_column type=&#8221;1_4&#8243; _builder_version=&#8221;4.19.2&#8243; _module_preset=&#8221;default&#8221; background_color=&#8221;#E4C9BC&#8221; global_colors_info=&#8221;{}&#8221;][et_pb_image src=&#8221;https:\/\/schilling-hagen-wohnen.de\/wp-content\/uploads\/2022\/11\/wohnungen_in_hagen_schilling_fernsehen-1.jpg&#8221; alt=&#8221;Schilling Hagen Ya\u015fam&#8221; title_text=&#8221;Schilling Hagen Ya\u015fam&#8221; _builder_version=&#8221;4.19.2&#8243; _module_preset=&#8221;default&#8221; global_colors_info=&#8221;{}&#8221;][\/et_pb_image][et_pb_button button_url=&#8221;@ET-DC@eyJkeW5hbWljIjp0cnVlLCJjb250ZW50IjoicG9zdF9saW5rX3VybF9wYWdlIiwic2V0dGluZ3MiOnsicG9zdF9pZCI6IjIwOCIsImVuYWJsZV9odG1sIjoib2ZmIn19@&#8221; button_text=&#8221;\u0130nternet, TV ve Telefon&#8221; button_alignment=&#8221;center&#8221; _builder_version=&#8221;4.19.2&#8243; _dynamic_attributes=&#8221;button_url&#8221; _module_preset=&#8221;default&#8221; custom_button=&#8221;on&#8221; button_text_size=&#8221;14px&#8221; button_border_width=&#8221;1px&#8221; button_border_radius=&#8221;20px&#8221; button_use_icon=&#8221;off&#8221; transform_translate=&#8221;0px|-16px&#8221; transform_translate_linked=&#8221;off&#8221; global_colors_info=&#8221;{}&#8221;][\/et_pb_button][\/et_pb_column][et_pb_column type=&#8221;1_4&#8243; _builder_version=&#8221;4.19.2&#8243; _module_preset=&#8221;default&#8221; background_color=&#8221;#E4C9BC&#8221; global_colors_info=&#8221;{}&#8221;][et_pb_image src=&#8221;https:\/\/schilling-hagen-wohnen.de\/wp-content\/uploads\/2022\/11\/55-Paar_532766637_peopleimages.com_900x600-1.jpg&#8221; alt=&#8221;Schilling Hagen Ya\u015fam&#8221; title_text=&#8221;Schilling Hagen Ya\u015fam&#8221; _builder_version=&#8221;4.19.2&#8243; _module_preset=&#8221;default&#8221; global_colors_info=&#8221;{}&#8221;][\/et_pb_image][et_pb_button button_url=&#8221;@ET-DC@eyJkeW5hbWljIjp0cnVlLCJjb250ZW50IjoicG9zdF9saW5rX3VybF9wYWdlIiwic2V0dGluZ3MiOnsicG9zdF9pZCI6IjIxMSIsImVuYWJsZV9odG1sIjoib2ZmIn19@&#8221; button_text=&#8221;\u015eilin 55+&#8221; button_alignment=&#8221;center&#8221; _builder_version=&#8221;4.19.2&#8243; _dynamic_attributes=&#8221;button_url&#8221; _module_preset=&#8221;default&#8221; custom_button=&#8221;on&#8221; button_text_size=&#8221;14px&#8221; button_border_width=&#8221;1px&#8221; button_border_radius=&#8221;20px&#8221; button_use_icon=&#8221;off&#8221; transform_translate=&#8221;0px|-16px&#8221; transform_translate_linked=&#8221;off&#8221; global_colors_info=&#8221;{}&#8221;][\/et_pb_button][\/et_pb_column][et_pb_column type=&#8221;1_4&#8243; _builder_version=&#8221;4.19.2&#8243; _module_preset=&#8221;default&#8221; background_color=&#8221;#E4C9BC&#8221; global_colors_info=&#8221;{}&#8221;][et_pb_image src=&#8221;https:\/\/schilling-hagen-wohnen.de\/wp-content\/uploads\/2022\/11\/Fotografin_232997208_Tierney_900x600.jpg&#8221; alt=&#8221;Schilling Hagen Ya\u015fam&#8221; title_text=&#8221;Schilling Hagen Ya\u015fam&#8221; _builder_version=&#8221;4.19.2&#8243; _module_preset=&#8221;default&#8221; global_colors_info=&#8221;{}&#8221;][\/et_pb_image][et_pb_button button_url=&#8221;@ET-DC@eyJkeW5hbWljIjp0cnVlLCJjb250ZW50IjoicG9zdF9saW5rX3VybF9wYWdlIiwic2V0dGluZ3MiOnsicG9zdF9pZCI6IjYxMSIsImVuYWJsZV9odG1sIjoib2ZmIn19@&#8221; button_text=&#8221;Foto\u011fraf\/video yar\u0131\u015fmas\u0131&#8221; button_alignment=&#8221;center&#8221; _builder_version=&#8221;4.19.2&#8243; _dynamic_attributes=&#8221;button_url&#8221; _module_preset=&#8221;default&#8221; custom_button=&#8221;on&#8221; button_text_size=&#8221;14px&#8221; button_border_width=&#8221;1px&#8221; button_border_radius=&#8221;20px&#8221; button_use_icon=&#8221;off&#8221; transform_translate=&#8221;0px|-16px&#8221; transform_translate_linked=&#8221;off&#8221; global_colors_info=&#8221;{}&#8221;][\/et_pb_button][\/et_pb_column][et_pb_column type=&#8221;1_4&#8243; _builder_version=&#8221;4.19.2&#8243; _module_preset=&#8221;default&#8221; background_color=&#8221;#E4C9BC&#8221; global_colors_info=&#8221;{}&#8221;][et_pb_image src=&#8221;https:\/\/schilling-hagen-wohnen.de\/wp-content\/uploads\/2022\/11\/Schilling-Card_480-320-1.jpg&#8221; alt=&#8221;Schilling Hagen Ya\u015fam&#8221; title_text=&#8221;Schilling Hagen Ya\u015fam&#8221; _builder_version=&#8221;4.19.2&#8243; _module_preset=&#8221;default&#8221; global_colors_info=&#8221;{}&#8221;][\/et_pb_image][et_pb_button button_url=&#8221;@ET-DC@eyJkeW5hbWljIjp0cnVlLCJjb250ZW50IjoicG9zdF9saW5rX3VybF9wYWdlIiwic2V0dGluZ3MiOnsicG9zdF9pZCI6IjY0NiIsImVuYWJsZV9odG1sIjoib2ZmIn19@&#8221; button_text=&#8221;Schilling Kart\u0131&#8221; button_alignment=&#8221;center&#8221; _builder_version=&#8221;4.19.2&#8243; _dynamic_attributes=&#8221;button_url&#8221; _module_preset=&#8221;default&#8221; custom_button=&#8221;on&#8221; button_text_size=&#8221;14px&#8221; button_border_width=&#8221;1px&#8221; button_border_radius=&#8221;20px&#8221; button_use_icon=&#8221;off&#8221; transform_translate=&#8221;0px|-16px&#8221; transform_translate_linked=&#8221;off&#8221; global_colors_info=&#8221;{}&#8221;][\/et_pb_button][\/et_pb_column][\/et_pb_row][\/et_pb_section]\n","protected":false},"excerpt":{"rendered":"<p>Bizimle sa\u011flad\u0131\u011f\u0131n\u0131z avantajlarBizimle sa\u011flad\u0131\u011f\u0131n\u0131z avantajlarSchilling&#8217;de ya\u015famak i\u00e7in pek \u00e7ok iyi neden var: Merkezi yerlerde ya\u015famak \u015fu anlama gelir: sizin i\u00e7in daha k\u0131sa mesafeler Uygun fiyata modernize edilmi\u015f daireler Katma de\u011ferli ya\u015fam\u0131n\u0131z i\u00e7in \u00e7ok \u00e7e\u015fitli ya\u015fam programlar\u0131 kirac\u0131lar\u0131m\u0131z Schilling Card ile indirimli al\u0131\u015fveri\u015fin tad\u0131n\u0131 \u00e7\u0131kar\u0131yor D\u00fc\u015f\u00fck fiyata geni\u015f bir hizmet yelpazesi \u015eeffaf \u0131s\u0131tma ve yan maliyet [&hellip;]<\/p>\n","protected":false},"author":1,"featured_media":0,"parent":0,"menu_order":0,"comment_status":"closed","ping_status":"closed","template":"","meta":{"_et_pb_use_builder":"on","_et_pb_old_content":"","_et_gb_content_width":"","footnotes":""},"class_list":["post-2490","page","type-page","status-publish","hentry"],"yoast_head":"<!-- This site is optimized with the Yoast SEO plugin v27.5 - https:\/\/yoast.com\/product\/yoast-seo-wordpress\/ -->\n<title>Bizimle sa\u011flad\u0131\u011f\u0131n\u0131z avantajlar - Schilling M\u00fclk Y\u00f6netimi Hagen<\/title>\n<meta name=\"description\" content=\"Schilling ile ya\u015famak i\u00e7in bir\u00e7ok iyi neden: Merkezi konum, modernize edilmi\u015f daireler, uygun fiyatlar, konut programlar\u0131 ve yan\u0131n\u0131zda yetkin bir ortak.\" \/>\n<meta name=\"robots\" content=\"index, follow, max-snippet:-1, max-image-preview:large, max-video-preview:-1\" \/>\n<link rel=\"canonical\" href=\"https:\/\/schilling-hagen-wohnen.de\/tr\/bizimle-sagladiginiz-avantajlar\/\" \/>\n<meta property=\"og:locale\" content=\"tr_TR\" \/>\n<meta property=\"og:type\" content=\"article\" \/>\n<meta property=\"og:title\" content=\"Bizimle sa\u011flad\u0131\u011f\u0131n\u0131z avantajlar\" \/>\n<meta property=\"og:description\" content=\"Schilling ile ya\u015famak i\u00e7in bir\u00e7ok iyi neden: Merkezi konum, modernize edilmi\u015f daireler, uygun fiyatlar, konut programlar\u0131 ve yan\u0131n\u0131zda yetkin bir ortak.\" \/>\n<meta property=\"og:url\" content=\"https:\/\/schilling-hagen-wohnen.de\/tr\/bizimle-sagladiginiz-avantajlar\/\" \/>\n<meta property=\"og:site_name\" content=\"Schilling M\u00fclk Y\u00f6netimi Hagen\" \/>\n<meta property=\"article:modified_time\" content=\"2025-04-22T10:56:43+00:00\" \/>\n<meta property=\"og:image\" content=\"https:\/\/schilling-hagen-wohnen.de\/wp-content\/uploads\/2022\/12\/Eltern_Maedchen_900x600.jpg\" \/>\n<meta name=\"twitter:card\" content=\"summary_large_image\" \/>\n<meta name=\"twitter:title\" content=\"Bizimle sa\u011flad\u0131\u011f\u0131n\u0131z avantajlar\" \/>\n<meta name=\"twitter:description\" content=\"Schilling ile ya\u015famak i\u00e7in bir\u00e7ok iyi neden: Merkezi konum, modernize edilmi\u015f daireler, uygun fiyatlar, konut programlar\u0131 ve yan\u0131n\u0131zda yetkin bir ortak.\" \/>\n<meta name=\"twitter:image\" content=\"https:\/\/schilling-hagen-wohnen.de\/wp-content\/uploads\/2022\/12\/Eltern_Maedchen_900x600.jpg\" \/>\n<meta name=\"twitter:label1\" content=\"Tahmini okuma s\u00fcresi\" \/>\n\t<meta name=\"twitter:data1\" content=\"5 dakika\" \/>\n<script type=\"application\/ld+json\" class=\"yoast-schema-graph\">{\"@context\":\"https:\\\/\\\/schema.org\",\"@graph\":[{\"@type\":\"WebPage\",\"@id\":\"https:\\\/\\\/schilling-hagen-wohnen.de\\\/tr\\\/bizimle-sagladiginiz-avantajlar\\\/\",\"url\":\"https:\\\/\\\/schilling-hagen-wohnen.de\\\/tr\\\/bizimle-sagladiginiz-avantajlar\\\/\",\"name\":\"Bizimle sa\u011flad\u0131\u011f\u0131n\u0131z avantajlar - Schilling M\u00fclk Y\u00f6netimi Hagen\",\"isPartOf\":{\"@id\":\"https:\\\/\\\/schilling-hagen-wohnen.de\\\/#website\"},\"datePublished\":\"2022-10-15T11:12:47+00:00\",\"dateModified\":\"2025-04-22T10:56:43+00:00\",\"description\":\"Schilling ile ya\u015famak i\u00e7in bir\u00e7ok iyi neden: Merkezi konum, modernize edilmi\u015f daireler, uygun fiyatlar, konut programlar\u0131 ve yan\u0131n\u0131zda yetkin bir ortak.\",\"breadcrumb\":{\"@id\":\"https:\\\/\\\/schilling-hagen-wohnen.de\\\/tr\\\/bizimle-sagladiginiz-avantajlar\\\/#breadcrumb\"},\"inLanguage\":\"tr\",\"potentialAction\":[{\"@type\":\"ReadAction\",\"target\":[\"https:\\\/\\\/schilling-hagen-wohnen.de\\\/tr\\\/bizimle-sagladiginiz-avantajlar\\\/\"]}]},{\"@type\":\"BreadcrumbList\",\"@id\":\"https:\\\/\\\/schilling-hagen-wohnen.de\\\/tr\\\/bizimle-sagladiginiz-avantajlar\\\/#breadcrumb\",\"itemListElement\":[{\"@type\":\"ListItem\",\"position\":1,\"name\":\"Startseite\",\"item\":\"https:\\\/\\\/schilling-hagen-wohnen.de\\\/tr\\\/\"},{\"@type\":\"ListItem\",\"position\":2,\"name\":\"Bizimle sa\u011flad\u0131\u011f\u0131n\u0131z avantajlar\"}]},{\"@type\":\"WebSite\",\"@id\":\"https:\\\/\\\/schilling-hagen-wohnen.de\\\/#website\",\"url\":\"https:\\\/\\\/schilling-hagen-wohnen.de\\\/\",\"name\":\"Schilling M\u00fclk Y\u00f6netimi Hagen\",\"description\":\"... \u0130\u015fte ben b\u00f6yle ya\u015famak istiyorum.\",\"publisher\":{\"@id\":\"https:\\\/\\\/schilling-hagen-wohnen.de\\\/#organization\"},\"potentialAction\":[{\"@type\":\"SearchAction\",\"target\":{\"@type\":\"EntryPoint\",\"urlTemplate\":\"https:\\\/\\\/schilling-hagen-wohnen.de\\\/?s={search_term_string}\"},\"query-input\":{\"@type\":\"PropertyValueSpecification\",\"valueRequired\":true,\"valueName\":\"search_term_string\"}}],\"inLanguage\":\"tr\"},{\"@type\":\"Organization\",\"@id\":\"https:\\\/\\\/schilling-hagen-wohnen.de\\\/#organization\",\"name\":\"Schilling Hagen M\u00fclk Y\u00f6netimi\",\"alternateName\":\"Schilling Hagen Hausverwaltung\",\"url\":\"https:\\\/\\\/schilling-hagen-wohnen.de\\\/\",\"logo\":{\"@type\":\"ImageObject\",\"inLanguage\":\"tr\",\"@id\":\"https:\\\/\\\/schilling-hagen-wohnen.de\\\/#\\\/schema\\\/logo\\\/image\\\/\",\"url\":\"https:\\\/\\\/schilling-hagen-wohnen.de\\\/wp-content\\\/uploads\\\/2022\\\/11\\\/Schilling-Hagen-Logo_400.png\",\"contentUrl\":\"https:\\\/\\\/schilling-hagen-wohnen.de\\\/wp-content\\\/uploads\\\/2022\\\/11\\\/Schilling-Hagen-Logo_400.png\",\"width\":400,\"height\":103,\"caption\":\"Schilling Hagen M\u00fclk Y\u00f6netimi\"},\"image\":{\"@id\":\"https:\\\/\\\/schilling-hagen-wohnen.de\\\/#\\\/schema\\\/logo\\\/image\\\/\"}}]}<\/script>\n<!-- \/ Yoast SEO plugin. -->","yoast_head_json":{"title":"Bizimle sa\u011flad\u0131\u011f\u0131n\u0131z avantajlar - Schilling M\u00fclk Y\u00f6netimi Hagen","description":"Schilling ile ya\u015famak i\u00e7in bir\u00e7ok iyi neden: Merkezi konum, modernize edilmi\u015f daireler, uygun fiyatlar, konut programlar\u0131 ve yan\u0131n\u0131zda yetkin bir ortak.","robots":{"index":"index","follow":"follow","max-snippet":"max-snippet:-1","max-image-preview":"max-image-preview:large","max-video-preview":"max-video-preview:-1"},"canonical":"https:\/\/schilling-hagen-wohnen.de\/tr\/bizimle-sagladiginiz-avantajlar\/","og_locale":"tr_TR","og_type":"article","og_title":"Bizimle sa\u011flad\u0131\u011f\u0131n\u0131z avantajlar","og_description":"Schilling ile ya\u015famak i\u00e7in bir\u00e7ok iyi neden: Merkezi konum, modernize edilmi\u015f daireler, uygun fiyatlar, konut programlar\u0131 ve yan\u0131n\u0131zda yetkin bir ortak.","og_url":"https:\/\/schilling-hagen-wohnen.de\/tr\/bizimle-sagladiginiz-avantajlar\/","og_site_name":"Schilling M\u00fclk Y\u00f6netimi Hagen","article_modified_time":"2025-04-22T10:56:43+00:00","og_image":[{"url":"https:\/\/schilling-hagen-wohnen.de\/wp-content\/uploads\/2022\/12\/Eltern_Maedchen_900x600.jpg","type":"","width":"","height":""}],"twitter_card":"summary_large_image","twitter_title":"Bizimle sa\u011flad\u0131\u011f\u0131n\u0131z avantajlar","twitter_description":"Schilling ile ya\u015famak i\u00e7in bir\u00e7ok iyi neden: Merkezi konum, modernize edilmi\u015f daireler, uygun fiyatlar, konut programlar\u0131 ve yan\u0131n\u0131zda yetkin bir ortak.","twitter_image":"https:\/\/schilling-hagen-wohnen.de\/wp-content\/uploads\/2022\/12\/Eltern_Maedchen_900x600.jpg","twitter_misc":{"Tahmini okuma s\u00fcresi":"5 dakika"},"schema":{"@context":"https:\/\/schema.org","@graph":[{"@type":"WebPage","@id":"https:\/\/schilling-hagen-wohnen.de\/tr\/bizimle-sagladiginiz-avantajlar\/","url":"https:\/\/schilling-hagen-wohnen.de\/tr\/bizimle-sagladiginiz-avantajlar\/","name":"Bizimle sa\u011flad\u0131\u011f\u0131n\u0131z avantajlar - Schilling M\u00fclk Y\u00f6netimi Hagen","isPartOf":{"@id":"https:\/\/schilling-hagen-wohnen.de\/#website"},"datePublished":"2022-10-15T11:12:47+00:00","dateModified":"2025-04-22T10:56:43+00:00","description":"Schilling ile ya\u015famak i\u00e7in bir\u00e7ok iyi neden: Merkezi konum, modernize edilmi\u015f daireler, uygun fiyatlar, konut programlar\u0131 ve yan\u0131n\u0131zda yetkin bir ortak.","breadcrumb":{"@id":"https:\/\/schilling-hagen-wohnen.de\/tr\/bizimle-sagladiginiz-avantajlar\/#breadcrumb"},"inLanguage":"tr","potentialAction":[{"@type":"ReadAction","target":["https:\/\/schilling-hagen-wohnen.de\/tr\/bizimle-sagladiginiz-avantajlar\/"]}]},{"@type":"BreadcrumbList","@id":"https:\/\/schilling-hagen-wohnen.de\/tr\/bizimle-sagladiginiz-avantajlar\/#breadcrumb","itemListElement":[{"@type":"ListItem","position":1,"name":"Startseite","item":"https:\/\/schilling-hagen-wohnen.de\/tr\/"},{"@type":"ListItem","position":2,"name":"Bizimle sa\u011flad\u0131\u011f\u0131n\u0131z avantajlar"}]},{"@type":"WebSite","@id":"https:\/\/schilling-hagen-wohnen.de\/#website","url":"https:\/\/schilling-hagen-wohnen.de\/","name":"Schilling M\u00fclk Y\u00f6netimi Hagen","description":"... \u0130\u015fte ben b\u00f6yle ya\u015famak istiyorum.","publisher":{"@id":"https:\/\/schilling-hagen-wohnen.de\/#organization"},"potentialAction":[{"@type":"SearchAction","target":{"@type":"EntryPoint","urlTemplate":"https:\/\/schilling-hagen-wohnen.de\/?s={search_term_string}"},"query-input":{"@type":"PropertyValueSpecification","valueRequired":true,"valueName":"search_term_string"}}],"inLanguage":"tr"},{"@type":"Organization","@id":"https:\/\/schilling-hagen-wohnen.de\/#organization","name":"Schilling Hagen M\u00fclk Y\u00f6netimi","alternateName":"Schilling Hagen Hausverwaltung","url":"https:\/\/schilling-hagen-wohnen.de\/","logo":{"@type":"ImageObject","inLanguage":"tr","@id":"https:\/\/schilling-hagen-wohnen.de\/#\/schema\/logo\/image\/","url":"https:\/\/schilling-hagen-wohnen.de\/wp-content\/uploads\/2022\/11\/Schilling-Hagen-Logo_400.png","contentUrl":"https:\/\/schilling-hagen-wohnen.de\/wp-content\/uploads\/2022\/11\/Schilling-Hagen-Logo_400.png","width":400,"height":103,"caption":"Schilling Hagen M\u00fclk Y\u00f6netimi"},"image":{"@id":"https:\/\/schilling-hagen-wohnen.de\/#\/schema\/logo\/image\/"}}]}},"_links":{"self":[{"href":"https:\/\/schilling-hagen-wohnen.de\/tr\/wp-json\/wp\/v2\/pages\/2490","targetHints":{"allow":["GET"]}}],"collection":[{"href":"https:\/\/schilling-hagen-wohnen.de\/tr\/wp-json\/wp\/v2\/pages"}],"about":[{"href":"https:\/\/schilling-hagen-wohnen.de\/tr\/wp-json\/wp\/v2\/types\/page"}],"author":[{"embeddable":true,"href":"https:\/\/schilling-hagen-wohnen.de\/tr\/wp-json\/wp\/v2\/users\/1"}],"replies":[{"embeddable":true,"href":"https:\/\/schilling-hagen-wohnen.de\/tr\/wp-json\/wp\/v2\/comments?post=2490"}],"version-history":[{"count":2,"href":"https:\/\/schilling-hagen-wohnen.de\/tr\/wp-json\/wp\/v2\/pages\/2490\/revisions"}],"predecessor-version":[{"id":23957,"href":"https:\/\/schilling-hagen-wohnen.de\/tr\/wp-json\/wp\/v2\/pages\/2490\/revisions\/23957"}],"wp:attachment":[{"href":"https:\/\/schilling-hagen-wohnen.de\/tr\/wp-json\/wp\/v2\/media?parent=2490"}],"curies":[{"name":"wp","href":"https:\/\/api.w.org\/{rel}","templated":true}]}}