{"id":2492,"date":"2022-10-15T13:21:09","date_gmt":"2022-10-15T11:21:09","guid":{"rendered":"https:\/\/schilling-hagen-wohnen.de\/schilling-muelk-yoenetimi\/"},"modified":"2022-10-15T13:21:09","modified_gmt":"2022-10-15T11:21:09","slug":"schilling-muelk-yoenetimi","status":"publish","type":"page","link":"https:\/\/schilling-hagen-wohnen.de\/tr\/schilling-muelk-yoenetimi\/","title":{"rendered":"Schilling m\u00fclk y\u00f6netimi"},"content":{"rendered":"<p>[et_pb_section fb_built=&#8221;1&#8243; disabled_on=&#8221;off|off|off&#8221; admin_label=&#8221;Header Section&#8221; _builder_version=&#8221;4.19.2&#8243; background_image=&#8221;https:\/\/schilling-hagen-wohnen.de\/wp-content\/uploads\/2022\/12\/Schilling-Collage_22_1920x515.jpg&#8221; background_size=&#8221;contain&#8221; background_position=&#8221;top_center&#8221; custom_padding=&#8221;3vw|0px|6vw|0px||&#8221; bottom_divider_color=&#8221;rgba(5,41,66,0.3)&#8221; bottom_divider_height=&#8221;20vw&#8221; animation_style=&#8221;slide&#8221; animation_direction=&#8221;top&#8221; animation_intensity_slide=&#8221;3%&#8221; animation_starting_opacity=&#8221;100%&#8221; global_colors_info=&#8221;{}&#8221;][et_pb_row disabled_on=&#8221;off|off|off&#8221; module_class=&#8221;  et_pb_row_fullwidth&#8221; _builder_version=&#8221;4.19.4&#8243; width=&#8221;89%&#8221; width_tablet=&#8221;80%&#8221; width_phone=&#8221;&#8221; width_last_edited=&#8221;on|desktop&#8221; max_width=&#8221;89%&#8221; max_width_tablet=&#8221;80%&#8221; max_width_phone=&#8221;&#8221; max_width_last_edited=&#8221;on|desktop&#8221; custom_padding=&#8221;||0px||false|false&#8221; hover_enabled=&#8221;0&#8243; make_fullwidth=&#8221;on&#8221; global_colors_info=&#8221;{}&#8221; min_height=&#8221;248px&#8221; custom_margin=&#8221;||0px||false|false&#8221; custom_margin_last_edited=&#8221;on|phone&#8221; sticky_enabled=&#8221;0&#8243; custom_margin_tablet=&#8221;||-108px||false|false&#8221; custom_margin_phone=&#8221;||-149px||false|false&#8221;][et_pb_column type=&#8221;4_4&#8243; _builder_version=&#8221;4.16&#8243; custom_padding=&#8221;|||&#8221; global_colors_info=&#8221;{}&#8221; custom_padding__hover=&#8221;|||&#8221;][et_pb_text disabled_on=&#8221;off|off|off&#8221; _builder_version=&#8221;4.19.4&#8243; text_font=&#8221;||||||||&#8221; text_font_size=&#8221;12px&#8221; text_line_height=&#8221;1.5em&#8221; header_font=&#8221;|600||on|||||&#8221; header_text_align=&#8221;center&#8221; header_font_size=&#8221;5vw&#8221; header_line_height=&#8221;1.5em&#8221; text_orientation=&#8221;center&#8221; background_layout=&#8221;dark&#8221; custom_margin=&#8221;|||&#8221; hover_enabled=&#8221;0&#8243; header_font_size_tablet=&#8221;43px&#8221; header_font_size_phone=&#8221;21px&#8221; header_font_size_last_edited=&#8221;on|phone&#8221; header_line_height_tablet=&#8221;1.1em&#8221; header_line_height_phone=&#8221;1.2em&#8221; header_line_height_last_edited=&#8221;off|desktop&#8221; text_text_shadow_style=&#8221;preset3&#8243; text_text_shadow_blur_strength=&#8221;2em&#8221; global_colors_info=&#8221;{}&#8221; sticky_enabled=&#8221;0&#8243;]<\/p>\n<h1>Schilling M\u00fclk Y\u00f6netimi Hagen<\/h1>\n<p>[\/et_pb_text][\/et_pb_column][\/et_pb_row][\/et_pb_section][et_pb_section fb_built=&#8221;1&#8243; _builder_version=&#8221;4.16&#8243; global_colors_info=&#8221;{}&#8221; custom_padding=&#8221;0px|||||&#8221;][et_pb_row _builder_version=&#8221;4.16&#8243; global_colors_info=&#8221;{}&#8221;][et_pb_column type=&#8221;4_4&#8243; _builder_version=&#8221;4.16&#8243; global_colors_info=&#8221;{}&#8221;][et_pb_text _builder_version=&#8221;4.16&#8243; global_colors_info=&#8221;{}&#8221;]<\/p>\n<h1 style=\"text-align: center;\">Schilling M\u00fclk Y\u00f6netimi Hagen<\/h1>\n<p>[\/et_pb_text][\/et_pb_column][\/et_pb_row][et_pb_row column_structure=&#8221;1_2,1_2&#8243; _builder_version=&#8221;4.16&#8243; global_colors_info=&#8221;{}&#8221;][et_pb_column type=&#8221;1_2&#8243; _builder_version=&#8221;4.16&#8243; global_colors_info=&#8221;{}&#8221;][et_pb_text _builder_version=&#8221;4.19.2&#8243; animation_style=&#8221;slide&#8221; animation_direction=&#8221;left&#8221; global_colors_info=&#8221;{}&#8221;]<\/p>\n<p align=\"justify\" style=\"text-align: justify;\">\u0130lk ev, kurucu Wilhelm Schilling sen. taraf\u0131ndan 1924 y\u0131l\u0131nda in\u015fa edilmi\u015ftir. Wilhelm Schilling Hausverwaltung 1950 y\u0131l\u0131nda kurulmu\u015ftur. \u015eirketin kurucusu 1995 y\u0131l\u0131nda i\u015fi \u00e7ocuklar\u0131 Wilhelm Schilling ve Brigitte Kaiser&#8217;e devretti. O zamandan beri Wilhelm Schilling, genel m\u00fcd\u00fcr olarak Wilhelm Schilling GmbH &amp; Co KG \u015firketinin kaderini y\u00f6nlendirmektedir.<\/p>\n<p align=\"justify\" style=\"text-align: justify;\">Wilhelm Schilling Hausverwaltung bug\u00fcn Hagen&#8217;de daire, perakende, gastronomi, ofis ve depolama alan\u0131 sa\u011flayan en b\u00fcy\u00fck aile \u015firketidir.<\/p>\n<p>[\/et_pb_text][\/et_pb_column][et_pb_column type=&#8221;1_2&#8243; _builder_version=&#8221;4.16&#8243; global_colors_info=&#8221;{}&#8221;][et_pb_image src=&#8221;https:\/\/schilling-hagen-wohnen.de\/wp-content\/uploads\/2022\/12\/SCHILLING_HAGEN_Elbe_46.jpg&#8221; alt=&#8221;Schilling Hagen Ya\u015fam&#8221; title_text=&#8221;Schilling Hagen Wohnen&#8221; _builder_version=&#8221;4.19.2&#8243; animation_style=&#8221;slide&#8221; animation_direction=&#8221;right&#8221; global_colors_info=&#8221;{}&#8221;][\/et_pb_image][\/et_pb_column][\/et_pb_row][et_pb_row column_structure=&#8221;1_2,1_2&#8243; _builder_version=&#8221;4.16&#8243; global_colors_info=&#8221;{}&#8221;][et_pb_column type=&#8221;1_2&#8243; _builder_version=&#8221;4.16&#8243; global_colors_info=&#8221;{}&#8221;][et_pb_image src=&#8221;https:\/\/schilling-hagen-wohnen.de\/wp-content\/uploads\/2022\/12\/SCHILLING_HAGEN_Elbe_46_b.jpg&#8221; alt=&#8221;Schilling Hagen Ya\u015fam&#8221; title_text=&#8221;Schilling Hagen Wohnen&#8221; _builder_version=&#8221;4.19.2&#8243; animation_style=&#8221;slide&#8221; animation_direction=&#8221;left&#8221; global_colors_info=&#8221;{}&#8221;][\/et_pb_image][\/et_pb_column][et_pb_column type=&#8221;1_2&#8243; _builder_version=&#8221;4.16&#8243; global_colors_info=&#8221;{}&#8221;][et_pb_text _builder_version=&#8221;4.19.2&#8243; animation_style=&#8221;slide&#8221; animation_direction=&#8221;right&#8221; global_colors_info=&#8221;{}&#8221;]<\/p>\n<p align=\"justify\" style=\"text-align: justify;\">Faaliyetlerimizde, \u00f6zellikle kirac\u0131lar\u0131m\u0131z i\u00e7in kulland\u0131\u011f\u0131m\u0131z onlarca y\u0131ll\u0131k deneyim ve gayrimenkul uzmanl\u0131\u011f\u0131ndan yararlan\u0131yoruz. Sadece \u015firketin kendi portf\u00f6y\u00fcndeki m\u00fclkler y\u00f6netilmektedir. Bunlar, a\u011f\u0131rl\u0131kl\u0131 olarak Hagen \u015fehrinin merkezi yerlerinde bulunan yakla\u015f\u0131k 110 ticari kiral\u0131k alan dahil olmak \u00fczere yakla\u015f\u0131k 1.000 birimdir.<\/p>\n<p align=\"justify\" style=\"text-align: justify;\">Ev sahibi olarak sorumlulu\u011fumuzun bilincindeyiz ve ev aray\u0131\u015f\u0131n\u0131zda kararl\u0131, yetkin bir ortak olarak hizmetinizdeyiz.<\/p>\n<p>[\/et_pb_text][\/et_pb_column][\/et_pb_row][et_pb_row column_structure=&#8221;1_2,1_2&#8243; _builder_version=&#8221;4.16&#8243; global_colors_info=&#8221;{}&#8221;][et_pb_column type=&#8221;1_2&#8243; _builder_version=&#8221;4.16&#8243; global_colors_info=&#8221;{}&#8221;][et_pb_text _builder_version=&#8221;4.19.2&#8243; animation_style=&#8221;slide&#8221; animation_direction=&#8221;left&#8221; global_colors_info=&#8221;{}&#8221;]<\/p>\n<p align=\"justify\" style=\"text-align: justify;\">&#8220;D\u00fc\u015f\u00fck bariyerli banyo&#8221; veya &#8220;Schilling 55+&#8221; gibi bireysel programlar hizmet yelpazemizi tamamlamaktad\u0131r. Evlerimizde ve dairelerimizde c\u00f6mert\u00e7e tasarlanm\u0131\u015f ve s\u00fcrekli olarak uygulanan yat\u0131r\u0131mlar sayesinde kirac\u0131lar\u0131m\u0131z\u0131n ya\u015fam kalitesini s\u00fcrekli olarak art\u0131r\u0131yoruz.<\/p>\n<p style=\"text-align: justify;\">Kendini i\u015fine adam\u0131\u015f, deneyimli personelimiz konut ve ticari alanlar i\u00e7in konseptler olu\u015fturmaktad\u0131r. Bu tasar\u0131mda bizim i\u00e7in \u00f6nemli olan, cazip ko\u015fullarda iyi konutlar sunabilmektir.<\/p>\n<p align=\"justify\" style=\"text-align: justify;\">Sizi ilgili bir taraf olarak bekliyoruz! Kirac\u0131lar\u0131m\u0131z i\u00e7in, evinizi bak\u0131ml\u0131 ve g\u00fcvenli bir ortamda bulman\u0131z\u0131 sa\u011fl\u0131yoruz.<\/p>\n<p>[\/et_pb_text][\/et_pb_column][et_pb_column type=&#8221;1_2&#8243; _builder_version=&#8221;4.16&#8243; global_colors_info=&#8221;{}&#8221;][et_pb_image src=&#8221;https:\/\/schilling-hagen-wohnen.de\/wp-content\/uploads\/2022\/12\/SCHILLING_HAGEN_Marien_5-7.jpg&#8221; alt=&#8221;Schilling Hagen Ya\u015fam&#8221; title_text=&#8221;Schilling Hagen Wohnen&#8221; _builder_version=&#8221;4.19.2&#8243; animation_style=&#8221;slide&#8221; animation_direction=&#8221;right&#8221; global_colors_info=&#8221;{}&#8221;][\/et_pb_image][\/et_pb_column][\/et_pb_row][et_pb_row column_structure=&#8221;1_3,1_3,1_3&#8243; _builder_version=&#8221;4.16&#8243; global_colors_info=&#8221;{}&#8221;][et_pb_column type=&#8221;1_3&#8243; _builder_version=&#8221;4.16&#8243; global_colors_info=&#8221;{}&#8221;][et_pb_image src=&#8221;https:\/\/schilling-hagen-wohnen.de\/wp-content\/uploads\/2022\/12\/SCHILLING_HAGEN_Elbe_73.jpg&#8221; alt=&#8221;Schilling Hagen Ya\u015fam&#8221; title_text=&#8221;Schilling Hagen Wohnen&#8221; _builder_version=&#8221;4.19.2&#8243; animation_style=&#8221;zoom&#8221; global_colors_info=&#8221;{}&#8221;][\/et_pb_image][\/et_pb_column][et_pb_column type=&#8221;1_3&#8243; _builder_version=&#8221;4.16&#8243; global_colors_info=&#8221;{}&#8221;][et_pb_text _builder_version=&#8221;4.19.2&#8243; animation_style=&#8221;zoom&#8221; global_colors_info=&#8221;{}&#8221;]<\/p>\n<p align=\"center\"><em>Senin<\/em><br \/><em>Wilhelm Schilling<\/em><br \/><em>Y\u00d6NET\u0130C\u0130 ORTAK<\/em><\/p>\n<p>[\/et_pb_text][\/et_pb_column][et_pb_column type=&#8221;1_3&#8243; _builder_version=&#8221;4.16&#8243; global_colors_info=&#8221;{}&#8221;][et_pb_image src=&#8221;https:\/\/schilling-hagen-wohnen.de\/wp-content\/uploads\/2022\/12\/SCHILLING_HAGEN_Frank_71.jpg&#8221; alt=&#8221;Schilling Hagen Ya\u015fam&#8221; title_text=&#8221;Schilling Hagen Wohnen&#8221; _builder_version=&#8221;4.19.2&#8243; animation_style=&#8221;zoom&#8221; global_colors_info=&#8221;{}&#8221;][\/et_pb_image][\/et_pb_column][\/et_pb_row][\/et_pb_section][et_pb_section fb_built=&#8221;1&#8243; _builder_version=&#8221;4.19.2&#8243; _module_preset=&#8221;default&#8221; background_color=&#8221;rgba(217,218,219,0.19)&#8221; global_colors_info=&#8221;{}&#8221;][et_pb_row column_structure=&#8221;1_3,1_3,1_3&#8243; _builder_version=&#8221;4.19.2&#8243; _module_preset=&#8221;default&#8221; global_colors_info=&#8221;{}&#8221;][et_pb_column type=&#8221;1_3&#8243; _builder_version=&#8221;4.19.2&#8243; _module_preset=&#8221;default&#8221; background_color=&#8221;#E4C9BC&#8221; global_colors_info=&#8221;{}&#8221;][et_pb_image src=&#8221;https:\/\/schilling-hagen-wohnen.de\/wp-content\/uploads\/2022\/12\/Bad_49395604_Joerg_Lantelme_900x600_c.jpg&#8221; alt=&#8221;Schilling Hagen Ya\u015fam&#8221; title_text=&#8221;Schilling Hagen Wohnen&#8221; _builder_version=&#8221;4.19.2&#8243; _module_preset=&#8221;default&#8221; global_colors_info=&#8221;{}&#8221;][\/et_pb_image][et_pb_button button_url=&#8221;@ET-DC@eyJkeW5hbWljIjp0cnVlLCJjb250ZW50IjoicG9zdF9saW5rX3VybF9wYWdlIiwic2V0dGluZ3MiOnsicG9zdF9pZCI6IjM0NSJ9fQ==@&#8221; button_text=&#8221;Barrierearmes Badezimmer&#8221; button_alignment=&#8221;center&#8221; _builder_version=&#8221;4.19.2&#8243; _dynamic_attributes=&#8221;button_url&#8221; _module_preset=&#8221;default&#8221; custom_button=&#8221;on&#8221; button_text_size=&#8221;14px&#8221; button_border_width=&#8221;1px&#8221; button_border_radius=&#8221;20px&#8221; button_use_icon=&#8221;off&#8221; transform_translate=&#8221;0px|-16px&#8221; transform_translate_linked=&#8221;off&#8221; global_colors_info=&#8221;{}&#8221;][\/et_pb_button][\/et_pb_column][et_pb_column type=&#8221;1_3&#8243; _builder_version=&#8221;4.19.2&#8243; _module_preset=&#8221;default&#8221; background_color=&#8221;#E4C9BC&#8221; global_colors_info=&#8221;{}&#8221;][et_pb_image src=&#8221;https:\/\/schilling-hagen-wohnen.de\/wp-content\/uploads\/2022\/11\/Makler_Frauen_330597333_Kzenon_900x600.jpg&#8221; alt=&#8221;Schilling Hagen Ya\u015fam&#8221; title_text=&#8221;Schilling Hagen Wohnen&#8221; _builder_version=&#8221;4.19.2&#8243; _module_preset=&#8221;default&#8221; global_colors_info=&#8221;{}&#8221;][\/et_pb_image][et_pb_button button_url=&#8221;@ET-DC@eyJkeW5hbWljIjp0cnVlLCJjb250ZW50IjoicG9zdF9saW5rX3VybF9wYWdlIiwic2V0dGluZ3MiOnsicG9zdF9pZCI6IjYyMyJ9fQ==@&#8221; button_text=&#8221;Wohnung suchen&#8221; button_alignment=&#8221;center&#8221; _builder_version=&#8221;4.19.2&#8243; _dynamic_attributes=&#8221;button_url&#8221; _module_preset=&#8221;default&#8221; custom_button=&#8221;on&#8221; button_text_size=&#8221;14px&#8221; button_border_width=&#8221;1px&#8221; button_border_radius=&#8221;20px&#8221; button_use_icon=&#8221;off&#8221; transform_translate=&#8221;0px|-16px&#8221; transform_translate_linked=&#8221;off&#8221; global_colors_info=&#8221;{}&#8221;][\/et_pb_button][\/et_pb_column][et_pb_column type=&#8221;1_3&#8243; _builder_version=&#8221;4.19.2&#8243; _module_preset=&#8221;default&#8221; background_color=&#8221;#E4C9BC&#8221; global_colors_info=&#8221;{}&#8221;][et_pb_image src=&#8221;https:\/\/schilling-hagen-wohnen.de\/wp-content\/uploads\/2022\/12\/Schilling_Hagen_Shopping-Family_325700552_Sanja_85_900x600.jpg&#8221; alt=&#8221;Schilling_Hagen_Al\u0131\u015fveri\u015f-Ailesi&#8221; title_text=&#8221;Schilling_Hagen_Shopping-Family&#8221; _builder_version=&#8221;4.19.2&#8243; _module_preset=&#8221;default&#8221; global_colors_info=&#8221;{}&#8221;][\/et_pb_image][et_pb_button button_url=&#8221;@ET-DC@eyJkeW5hbWljIjp0cnVlLCJjb250ZW50IjoicG9zdF9saW5rX3VybF9wYWdlIiwic2V0dGluZ3MiOnsicG9zdF9pZCI6IjI1OCJ9fQ==@&#8221; button_text=&#8221;Gewerbestandort Hagen&#8221; button_alignment=&#8221;center&#8221; _builder_version=&#8221;4.19.2&#8243; _dynamic_attributes=&#8221;button_url&#8221; _module_preset=&#8221;default&#8221; custom_button=&#8221;on&#8221; button_text_size=&#8221;14px&#8221; button_border_width=&#8221;1px&#8221; button_border_radius=&#8221;20px&#8221; button_use_icon=&#8221;off&#8221; transform_translate=&#8221;0px|-16px&#8221; transform_translate_linked=&#8221;off&#8221; global_colors_info=&#8221;{}&#8221;][\/et_pb_button][\/et_pb_column][\/et_pb_row][\/et_pb_section]<\/p>\n","protected":false},"excerpt":{"rendered":"<p>Schilling M\u00fclk Y\u00f6netimi HagenSchilling M\u00fclk Y\u00f6netimi Hagen\u0130lk ev, kurucu Wilhelm Schilling sen. taraf\u0131ndan 1924 y\u0131l\u0131nda in\u015fa edilmi\u015ftir. Wilhelm Schilling Hausverwaltung 1950 y\u0131l\u0131nda kurulmu\u015ftur. \u015eirketin kurucusu 1995 y\u0131l\u0131nda i\u015fi \u00e7ocuklar\u0131 Wilhelm Schilling ve Brigitte Kaiser&#8217;e devretti. O zamandan beri Wilhelm Schilling, genel m\u00fcd\u00fcr olarak Wilhelm Schilling GmbH &amp; Co KG \u015firketinin kaderini y\u00f6nlendirmektedir. Wilhelm Schilling Hausverwaltung [&hellip;]<\/p>\n","protected":false},"author":1,"featured_media":0,"parent":0,"menu_order":0,"comment_status":"closed","ping_status":"closed","template":"","meta":{"_et_pb_use_builder":"on","_et_pb_old_content":"","_et_gb_content_width":"","footnotes":""},"class_list":["post-2492","page","type-page","status-publish","hentry"],"yoast_head":"<!-- This site is optimized with the Yoast SEO plugin v27.4 - https:\/\/yoast.com\/product\/yoast-seo-wordpress\/ -->\n<title>Schilling m\u00fclk y\u00f6netimi - Schilling M\u00fclk Y\u00f6netimi Hagen<\/title>\n<meta name=\"robots\" content=\"index, follow, max-snippet:-1, max-image-preview:large, max-video-preview:-1\" \/>\n<link rel=\"canonical\" href=\"https:\/\/schilling-hagen-wohnen.de\/schilling-muelk-yoenetimi\/\" \/>\n<meta property=\"og:locale\" content=\"tr_TR\" \/>\n<meta property=\"og:type\" content=\"article\" \/>\n<meta property=\"og:title\" content=\"Schilling m\u00fclk y\u00f6netimi - Schilling M\u00fclk Y\u00f6netimi Hagen\" \/>\n<meta property=\"og:description\" content=\"Schilling M\u00fclk Y\u00f6netimi HagenSchilling M\u00fclk Y\u00f6netimi Hagen\u0130lk ev, kurucu Wilhelm Schilling sen. taraf\u0131ndan 1924 y\u0131l\u0131nda in\u015fa edilmi\u015ftir. Wilhelm Schilling Hausverwaltung 1950 y\u0131l\u0131nda kurulmu\u015ftur. \u015eirketin kurucusu 1995 y\u0131l\u0131nda i\u015fi \u00e7ocuklar\u0131 Wilhelm Schilling ve Brigitte Kaiser&#039;e devretti. O zamandan beri Wilhelm Schilling, genel m\u00fcd\u00fcr olarak Wilhelm Schilling GmbH &amp; Co KG \u015firketinin kaderini y\u00f6nlendirmektedir. Wilhelm Schilling Hausverwaltung [&hellip;]\" \/>\n<meta property=\"og:url\" content=\"https:\/\/schilling-hagen-wohnen.de\/schilling-muelk-yoenetimi\/\" \/>\n<meta property=\"og:site_name\" content=\"Schilling M\u00fclk Y\u00f6netimi Hagen\" \/>\n<meta property=\"og:image\" content=\"https:\/\/schilling-hagen-wohnen.de\/wp-content\/uploads\/2022\/10\/Schilling-Hagen-Logo_400.png\" \/>\n\t<meta property=\"og:image:width\" content=\"400\" \/>\n\t<meta property=\"og:image:height\" content=\"103\" \/>\n\t<meta property=\"og:image:type\" content=\"image\/png\" \/>\n<meta name=\"twitter:card\" content=\"summary_large_image\" \/>\n<meta name=\"twitter:label1\" content=\"Tahmini okuma s\u00fcresi\" \/>\n\t<meta name=\"twitter:data1\" content=\"7 dakika\" \/>\n<script type=\"application\/ld+json\" class=\"yoast-schema-graph\">{\"@context\":\"https:\\\/\\\/schema.org\",\"@graph\":[{\"@type\":\"WebPage\",\"@id\":\"https:\\\/\\\/schilling-hagen-wohnen.de\\\/schilling-muelk-yoenetimi\\\/\",\"url\":\"https:\\\/\\\/schilling-hagen-wohnen.de\\\/schilling-muelk-yoenetimi\\\/\",\"name\":\"Schilling m\u00fclk y\u00f6netimi - Schilling M\u00fclk Y\u00f6netimi Hagen\",\"isPartOf\":{\"@id\":\"https:\\\/\\\/schilling-hagen-wohnen.de\\\/#website\"},\"datePublished\":\"2022-10-15T11:21:09+00:00\",\"breadcrumb\":{\"@id\":\"https:\\\/\\\/schilling-hagen-wohnen.de\\\/schilling-muelk-yoenetimi\\\/#breadcrumb\"},\"inLanguage\":\"tr\",\"potentialAction\":[{\"@type\":\"ReadAction\",\"target\":[\"https:\\\/\\\/schilling-hagen-wohnen.de\\\/schilling-muelk-yoenetimi\\\/\"]}]},{\"@type\":\"BreadcrumbList\",\"@id\":\"https:\\\/\\\/schilling-hagen-wohnen.de\\\/schilling-muelk-yoenetimi\\\/#breadcrumb\",\"itemListElement\":[{\"@type\":\"ListItem\",\"position\":1,\"name\":\"Startseite\",\"item\":\"https:\\\/\\\/schilling-hagen-wohnen.de\\\/tr\\\/\"},{\"@type\":\"ListItem\",\"position\":2,\"name\":\"Schilling m\u00fclk y\u00f6netimi\"}]},{\"@type\":\"WebSite\",\"@id\":\"https:\\\/\\\/schilling-hagen-wohnen.de\\\/#website\",\"url\":\"https:\\\/\\\/schilling-hagen-wohnen.de\\\/\",\"name\":\"Schilling M\u00fclk Y\u00f6netimi Hagen\",\"description\":\"... \u0130\u015fte ben b\u00f6yle ya\u015famak istiyorum.\",\"publisher\":{\"@id\":\"https:\\\/\\\/schilling-hagen-wohnen.de\\\/#organization\"},\"potentialAction\":[{\"@type\":\"SearchAction\",\"target\":{\"@type\":\"EntryPoint\",\"urlTemplate\":\"https:\\\/\\\/schilling-hagen-wohnen.de\\\/?s={search_term_string}\"},\"query-input\":{\"@type\":\"PropertyValueSpecification\",\"valueRequired\":true,\"valueName\":\"search_term_string\"}}],\"inLanguage\":\"tr\"},{\"@type\":\"Organization\",\"@id\":\"https:\\\/\\\/schilling-hagen-wohnen.de\\\/#organization\",\"name\":\"Schilling Hagen M\u00fclk Y\u00f6netimi\",\"alternateName\":\"Schilling Hagen Hausverwaltung\",\"url\":\"https:\\\/\\\/schilling-hagen-wohnen.de\\\/\",\"logo\":{\"@type\":\"ImageObject\",\"inLanguage\":\"tr\",\"@id\":\"https:\\\/\\\/schilling-hagen-wohnen.de\\\/#\\\/schema\\\/logo\\\/image\\\/\",\"url\":\"https:\\\/\\\/schilling-hagen-wohnen.de\\\/wp-content\\\/uploads\\\/2022\\\/11\\\/Schilling-Hagen-Logo_400.png\",\"contentUrl\":\"https:\\\/\\\/schilling-hagen-wohnen.de\\\/wp-content\\\/uploads\\\/2022\\\/11\\\/Schilling-Hagen-Logo_400.png\",\"width\":400,\"height\":103,\"caption\":\"Schilling Hagen M\u00fclk Y\u00f6netimi\"},\"image\":{\"@id\":\"https:\\\/\\\/schilling-hagen-wohnen.de\\\/#\\\/schema\\\/logo\\\/image\\\/\"}}]}<\/script>\n<!-- \/ Yoast SEO plugin. -->","yoast_head_json":{"title":"Schilling m\u00fclk y\u00f6netimi - Schilling M\u00fclk Y\u00f6netimi Hagen","robots":{"index":"index","follow":"follow","max-snippet":"max-snippet:-1","max-image-preview":"max-image-preview:large","max-video-preview":"max-video-preview:-1"},"canonical":"https:\/\/schilling-hagen-wohnen.de\/schilling-muelk-yoenetimi\/","og_locale":"tr_TR","og_type":"article","og_title":"Schilling m\u00fclk y\u00f6netimi - Schilling M\u00fclk Y\u00f6netimi Hagen","og_description":"Schilling M\u00fclk Y\u00f6netimi HagenSchilling M\u00fclk Y\u00f6netimi Hagen\u0130lk ev, kurucu Wilhelm Schilling sen. taraf\u0131ndan 1924 y\u0131l\u0131nda in\u015fa edilmi\u015ftir. Wilhelm Schilling Hausverwaltung 1950 y\u0131l\u0131nda kurulmu\u015ftur. \u015eirketin kurucusu 1995 y\u0131l\u0131nda i\u015fi \u00e7ocuklar\u0131 Wilhelm Schilling ve Brigitte Kaiser'e devretti. O zamandan beri Wilhelm Schilling, genel m\u00fcd\u00fcr olarak Wilhelm Schilling GmbH &amp; Co KG \u015firketinin kaderini y\u00f6nlendirmektedir. Wilhelm Schilling Hausverwaltung [&hellip;]","og_url":"https:\/\/schilling-hagen-wohnen.de\/schilling-muelk-yoenetimi\/","og_site_name":"Schilling M\u00fclk Y\u00f6netimi Hagen","og_image":[{"width":400,"height":103,"url":"https:\/\/schilling-hagen-wohnen.de\/wp-content\/uploads\/2022\/10\/Schilling-Hagen-Logo_400.png","type":"image\/png"}],"twitter_card":"summary_large_image","twitter_misc":{"Tahmini okuma s\u00fcresi":"7 dakika"},"schema":{"@context":"https:\/\/schema.org","@graph":[{"@type":"WebPage","@id":"https:\/\/schilling-hagen-wohnen.de\/schilling-muelk-yoenetimi\/","url":"https:\/\/schilling-hagen-wohnen.de\/schilling-muelk-yoenetimi\/","name":"Schilling m\u00fclk y\u00f6netimi - Schilling M\u00fclk Y\u00f6netimi Hagen","isPartOf":{"@id":"https:\/\/schilling-hagen-wohnen.de\/#website"},"datePublished":"2022-10-15T11:21:09+00:00","breadcrumb":{"@id":"https:\/\/schilling-hagen-wohnen.de\/schilling-muelk-yoenetimi\/#breadcrumb"},"inLanguage":"tr","potentialAction":[{"@type":"ReadAction","target":["https:\/\/schilling-hagen-wohnen.de\/schilling-muelk-yoenetimi\/"]}]},{"@type":"BreadcrumbList","@id":"https:\/\/schilling-hagen-wohnen.de\/schilling-muelk-yoenetimi\/#breadcrumb","itemListElement":[{"@type":"ListItem","position":1,"name":"Startseite","item":"https:\/\/schilling-hagen-wohnen.de\/tr\/"},{"@type":"ListItem","position":2,"name":"Schilling m\u00fclk y\u00f6netimi"}]},{"@type":"WebSite","@id":"https:\/\/schilling-hagen-wohnen.de\/#website","url":"https:\/\/schilling-hagen-wohnen.de\/","name":"Schilling M\u00fclk Y\u00f6netimi Hagen","description":"... \u0130\u015fte ben b\u00f6yle ya\u015famak istiyorum.","publisher":{"@id":"https:\/\/schilling-hagen-wohnen.de\/#organization"},"potentialAction":[{"@type":"SearchAction","target":{"@type":"EntryPoint","urlTemplate":"https:\/\/schilling-hagen-wohnen.de\/?s={search_term_string}"},"query-input":{"@type":"PropertyValueSpecification","valueRequired":true,"valueName":"search_term_string"}}],"inLanguage":"tr"},{"@type":"Organization","@id":"https:\/\/schilling-hagen-wohnen.de\/#organization","name":"Schilling Hagen M\u00fclk Y\u00f6netimi","alternateName":"Schilling Hagen Hausverwaltung","url":"https:\/\/schilling-hagen-wohnen.de\/","logo":{"@type":"ImageObject","inLanguage":"tr","@id":"https:\/\/schilling-hagen-wohnen.de\/#\/schema\/logo\/image\/","url":"https:\/\/schilling-hagen-wohnen.de\/wp-content\/uploads\/2022\/11\/Schilling-Hagen-Logo_400.png","contentUrl":"https:\/\/schilling-hagen-wohnen.de\/wp-content\/uploads\/2022\/11\/Schilling-Hagen-Logo_400.png","width":400,"height":103,"caption":"Schilling Hagen M\u00fclk Y\u00f6netimi"},"image":{"@id":"https:\/\/schilling-hagen-wohnen.de\/#\/schema\/logo\/image\/"}}]}},"_links":{"self":[{"href":"https:\/\/schilling-hagen-wohnen.de\/tr\/wp-json\/wp\/v2\/pages\/2492","targetHints":{"allow":["GET"]}}],"collection":[{"href":"https:\/\/schilling-hagen-wohnen.de\/tr\/wp-json\/wp\/v2\/pages"}],"about":[{"href":"https:\/\/schilling-hagen-wohnen.de\/tr\/wp-json\/wp\/v2\/types\/page"}],"author":[{"embeddable":true,"href":"https:\/\/schilling-hagen-wohnen.de\/tr\/wp-json\/wp\/v2\/users\/1"}],"replies":[{"embeddable":true,"href":"https:\/\/schilling-hagen-wohnen.de\/tr\/wp-json\/wp\/v2\/comments?post=2492"}],"version-history":[{"count":0,"href":"https:\/\/schilling-hagen-wohnen.de\/tr\/wp-json\/wp\/v2\/pages\/2492\/revisions"}],"wp:attachment":[{"href":"https:\/\/schilling-hagen-wohnen.de\/tr\/wp-json\/wp\/v2\/media?parent=2492"}],"curies":[{"name":"wp","href":"https:\/\/api.w.org\/{rel}","templated":true}]}}