{"id":2521,"date":"2022-10-15T18:06:27","date_gmt":"2022-10-15T16:06:27","guid":{"rendered":"https:\/\/schilling-hagen-wohnen.de\/ticari-gayrimenkul\/"},"modified":"2022-10-15T18:06:27","modified_gmt":"2022-10-15T16:06:27","slug":"ticari-gayrimenkul","status":"publish","type":"page","link":"https:\/\/schilling-hagen-wohnen.de\/tr\/ticari-gayrimenkul\/","title":{"rendered":"Ticari gayrimenkul"},"content":{"rendered":"<p>[et_pb_section fb_built=&#8221;1&#8243; disabled_on=&#8221;off|off|off&#8221; admin_label=&#8221;Header Section&#8221; _builder_version=&#8221;4.16&#8243; background_image=&#8221;https:\/\/schilling-hagen-wohnen.de\/wp-content\/uploads\/2022\/10\/Hagen_Goldberg_c_Frank_Vincentz.jpg&#8221; custom_margin=&#8221;|||&#8221; custom_padding=&#8221;6vw|0px|6vw|0px&#8221; bottom_divider_color=&#8221;rgba(5,41,66,0.3)&#8221; bottom_divider_height=&#8221;20vw&#8221; animation_style=&#8221;slide&#8221; animation_direction=&#8221;top&#8221; animation_intensity_slide=&#8221;3%&#8221; animation_starting_opacity=&#8221;100%&#8221; global_colors_info=&#8221;{}&#8221;][et_pb_row disabled_on=&#8221;off|off|off&#8221; module_class=&#8221;  et_pb_row_fullwidth&#8221; _builder_version=&#8221;4.16&#8243; width=&#8221;89%&#8221; width_tablet=&#8221;80%&#8221; width_phone=&#8221;&#8221; width_last_edited=&#8221;on|desktop&#8221; max_width=&#8221;89%&#8221; max_width_tablet=&#8221;80%&#8221; max_width_phone=&#8221;&#8221; max_width_last_edited=&#8221;on|desktop&#8221; custom_padding=&#8221;|||&#8221; make_fullwidth=&#8221;on&#8221; global_colors_info=&#8221;{}&#8221;][et_pb_column type=&#8221;4_4&#8243; _builder_version=&#8221;4.16&#8243; custom_padding=&#8221;|||&#8221; global_colors_info=&#8221;{}&#8221; custom_padding__hover=&#8221;|||&#8221;][et_pb_text disabled_on=&#8221;off|off|off&#8221; _builder_version=&#8221;4.19.4&#8243; text_font=&#8221;||||||||&#8221; text_font_size=&#8221;12px&#8221; text_line_height=&#8221;1.5em&#8221; header_font=&#8221;|600||on|||||&#8221; header_text_align=&#8221;center&#8221; header_font_size=&#8221;5vw&#8221; header_line_height=&#8221;1.5em&#8221; text_orientation=&#8221;center&#8221; background_layout=&#8221;dark&#8221; custom_margin=&#8221;|||&#8221; header_font_size_tablet=&#8221;50px&#8221; header_font_size_phone=&#8221;26px&#8221; header_font_size_last_edited=&#8221;on|phone&#8221; header_line_height_tablet=&#8221;1.1em&#8221; header_line_height_phone=&#8221;1.2em&#8221; header_line_height_last_edited=&#8221;off|desktop&#8221; text_text_shadow_style=&#8221;preset3&#8243; text_text_shadow_blur_strength=&#8221;2em&#8221; global_colors_info=&#8221;{}&#8221;]<\/p>\n<h1 style=\"text-align: center;\">\u0130\u015f yeri Hagen<\/h1>\n<p>[\/et_pb_text][\/et_pb_column][\/et_pb_row][\/et_pb_section][et_pb_section fb_built=&#8221;1&#8243; _builder_version=&#8221;4.16&#8243; global_colors_info=&#8221;{}&#8221;][et_pb_row _builder_version=&#8221;4.16&#8243; global_colors_info=&#8221;{}&#8221;][et_pb_column type=&#8221;4_4&#8243; _builder_version=&#8221;4.16&#8243; global_colors_info=&#8221;{}&#8221;][et_pb_text _builder_version=&#8221;4.19.2&#8243; global_colors_info=&#8221;{}&#8221;]<\/p>\n<h1 style=\"text-align: center;\">Hagen&#8217;in ticari konumu<\/h1>\n<p>[\/et_pb_text][\/et_pb_column][\/et_pb_row][et_pb_row column_structure=&#8221;1_2,1_2&#8243; _builder_version=&#8221;4.16&#8243; custom_padding=&#8221;22px|||||&#8221; global_colors_info=&#8221;{}&#8221;][et_pb_column type=&#8221;1_2&#8243; _builder_version=&#8221;4.16&#8243; background_color=&#8221;rgba(0,0,0,0)&#8221; global_colors_info=&#8221;{}&#8221;][et_pb_text _builder_version=&#8221;4.19.2&#8243; animation_style=&#8221;slide&#8221; animation_direction=&#8221;left&#8221; global_colors_info=&#8221;{}&#8221;]<\/p>\n<p style=\"text-align: justify;\">Hagen ayn\u0131 zamanda Sauerland&#8217;a a\u00e7\u0131lan kap\u0131 olarak da bilinir. Bu durum, \u00f6zellikle Hagen ve \u00e7evresindeki saf do\u011fada a\u00e7\u0131k\u00e7a g\u00f6r\u00fclmektedir. Hagen&#8217;in kentsel alan\u0131n\u0131n %41&#8217;i ormanl\u0131kt\u0131r. Bu da Hagen&#8217;i Kuzey Ren-Vestfalya&#8217;n\u0131n en ye\u015fil \u015fehirlerinden biri yapmaktad\u0131r. En iyi bilinen yerel rekreasyon alanlar\u0131ndan biri Hengstey G\u00f6l\u00fc ve Harkort G\u00f6l\u00fc&#8217;d\u00fcr. Hagen ayr\u0131ca d\u00f6rt b\u00fcy\u00fck nehre sahiptir: Ruhr, Volme, Lenne ve Ennepe.<\/p>\n<p style=\"text-align: justify;\">Hagen&#8217;de yakla\u015f\u0131k 188.713 ki\u015fi ya\u015famaktad\u0131r. (Durum 31.12.2021)<\/p>\n<p>[\/et_pb_text][\/et_pb_column][et_pb_column type=&#8221;1_2&#8243; _builder_version=&#8221;4.16&#8243; background_color=&#8221;rgba(0,0,0,0)&#8221; global_colors_info=&#8221;{}&#8221;][et_pb_image src=&#8221;https:\/\/schilling-hagen-wohnen.de\/wp-content\/uploads\/2022\/10\/Hagen_Goldberg_c_Frank_Vincentz.jpg&#8221; _builder_version=&#8221;4.19.2&#8243; custom_margin=&#8221;||1px|||&#8221; animation_style=&#8221;slide&#8221; animation_direction=&#8221;right&#8221; global_colors_info=&#8221;{}&#8221;][\/et_pb_image][et_pb_text _builder_version=&#8221;4.19.2&#8243; animation_style=&#8221;slide&#8221; animation_direction=&#8221;right&#8221; global_colors_info=&#8221;{}&#8221;]<\/p>\n<h6 style=\"text-align: center;\">Foto\u011fraf: Frank Vincentz<\/h6>\n<p>[\/et_pb_text][\/et_pb_column][\/et_pb_row][et_pb_row column_structure=&#8221;1_2,1_2&#8243; _builder_version=&#8221;4.16&#8243; custom_padding=&#8221;22px|||||&#8221; global_colors_info=&#8221;{}&#8221;][et_pb_column type=&#8221;1_2&#8243; _builder_version=&#8221;4.16&#8243; background_color=&#8221;rgba(0,0,0,0)&#8221; global_colors_info=&#8221;{}&#8221;][et_pb_image src=&#8221;https:\/\/schilling-hagen-wohnen.de\/wp-content\/uploads\/2022\/10\/Bundesbank_Filiale_Hagen_c_Klaus_Baerwinkel.jpg&#8221; _builder_version=&#8221;4.19.2&#8243; custom_margin=&#8221;||1px|||&#8221; animation_style=&#8221;slide&#8221; animation_direction=&#8221;left&#8221; global_colors_info=&#8221;{}&#8221;][\/et_pb_image][et_pb_text _builder_version=&#8221;4.19.2&#8243; animation_style=&#8221;slide&#8221; animation_direction=&#8221;left&#8221; global_colors_info=&#8221;{}&#8221;]<\/p>\n<h6 style=\"text-align: center;\">Foto\u011fraf: Klaus B\u00e4rwinkel<\/h6>\n<p>[\/et_pb_text][\/et_pb_column][et_pb_column type=&#8221;1_2&#8243; _builder_version=&#8221;4.16&#8243; background_color=&#8221;rgba(0,0,0,0)&#8221; global_colors_info=&#8221;{}&#8221;][et_pb_text _builder_version=&#8221;4.19.2&#8243; animation_style=&#8221;slide&#8221; animation_direction=&#8221;right&#8221; global_colors_info=&#8221;{}&#8221;]<\/p>\n<p style=\"text-align: justify;\">Otoyolun yak\u0131nl\u0131\u011f\u0131, her yere h\u0131zl\u0131 ve kolay bir \u015fekilde ula\u015fman\u0131z\u0131 sa\u011flar. Yerel ula\u015f\u0131m da iyi organize edilmi\u015ftir, bu nedenle siz ve m\u00fc\u015fterileriniz \u015fehir i\u00e7inde otob\u00fcsle rahat\u00e7a hareket edebilirsiniz. S-Bahn ba\u011flant\u0131lar\u0131 da olduk\u00e7a geli\u015fmi\u015ftir ve Ruhr b\u00f6lgesinin tamam\u0131na h\u0131zl\u0131 bir \u015fekilde ula\u015f\u0131labilir veya ke\u015ffedilebilir.<\/p>\n<p style=\"text-align: justify;\">Hagen, serbest meslek i\u00e7in cazip bir yerdir.<\/p>\n<p style=\"text-align: justify;\">Ticari m\u00fclklerimiz a\u011f\u0131rl\u0131kl\u0131 olarak \u015fehir merkezinde ve dolay\u0131s\u0131yla k\u0131smen de yaya b\u00f6lgesinin ortas\u0131nda yer almaktad\u0131r.<\/p>\n<p>[\/et_pb_text][\/et_pb_column][\/et_pb_row][et_pb_row column_structure=&#8221;1_2,1_2&#8243; _builder_version=&#8221;4.16&#8243; custom_padding=&#8221;22px|||||&#8221; global_colors_info=&#8221;{}&#8221;][et_pb_column type=&#8221;1_2&#8243; _builder_version=&#8221;4.16&#8243; background_color=&#8221;rgba(0,0,0,0)&#8221; global_colors_info=&#8221;{}&#8221;][et_pb_text _builder_version=&#8221;4.20.2&#8243; animation_style=&#8221;slide&#8221; animation_direction=&#8221;left&#8221; hover_enabled=&#8221;0&#8243; global_colors_info=&#8221;{}&#8221; sticky_enabled=&#8221;0&#8243;]<\/p>\n<p style=\"text-align: justify;\">Yaya b\u00f6lgesi \u00e7ok \u00e7ekici bir \u015fekilde tasarlanm\u0131\u015ft\u0131r. \u0130ki b\u00fcy\u00fck al\u0131\u015fveri\u015f merkezi ve ziyaret\u00e7ilerin g\u00fcnl\u00fck ihtiya\u00e7lar\u0131 i\u00e7in ihtiya\u00e7 duyduklar\u0131 her \u015feyi bulabilecekleri bir\u00e7ok ilgin\u00e7 perakende sat\u0131\u015f noktas\u0131 vard\u0131r. Gastronomi sekt\u00f6r\u00fc de ihmal edilmemi\u015ftir. \u00c7ok \u00e7e\u015fitli restoranlar, publar, barlar ve kafeler bulacaks\u0131n\u0131z. Ho\u015f bir atmosferde oyalanmak i\u00e7in iyi bir yerdir.<\/p>\n<p style=\"text-align: justify;\">Daha fazla bilgi almak isterseniz, bu konuyu sizinle ayr\u0131nt\u0131l\u0131 ve ki\u015fisel bir g\u00f6r\u00fc\u015fmede ele almaktan memnuniyet duyar\u0131z.<\/p>\n<p>[\/et_pb_text][\/et_pb_column][et_pb_column type=&#8221;1_2&#8243; _builder_version=&#8221;4.16&#8243; background_color=&#8221;rgba(0,0,0,0)&#8221; global_colors_info=&#8221;{}&#8221;][et_pb_image src=&#8221;https:\/\/schilling-hagen-wohnen.de\/wp-content\/uploads\/2022\/10\/Hagen_Rathausplatz_2018_c_Meister_Klaus_Ehlers.jpg&#8221; _builder_version=&#8221;4.19.2&#8243; custom_margin=&#8221;||1px|||&#8221; animation_style=&#8221;slide&#8221; animation_direction=&#8221;right&#8221; global_colors_info=&#8221;{}&#8221;][\/et_pb_image][et_pb_text _builder_version=&#8221;4.19.2&#8243; animation_style=&#8221;slide&#8221; animation_direction=&#8221;right&#8221; global_colors_info=&#8221;{}&#8221;]<\/p>\n<h6 style=\"text-align: center;\">Foto\u011fraf: Usta Klaus Ehlers<\/h6>\n<p>[\/et_pb_text][\/et_pb_column][\/et_pb_row][et_pb_row _builder_version=&#8221;4.16&#8243; global_colors_info=&#8221;{}&#8221;][et_pb_column type=&#8221;4_4&#8243; _builder_version=&#8221;4.16&#8243; global_colors_info=&#8221;{}&#8221;][et_pb_text _builder_version=&#8221;4.19.2&#8243; animation_style=&#8221;zoom&#8221; global_colors_info=&#8221;{}&#8221;]<\/p>\n<h3 style=\"text-align: center;\">Konu\u015f bizimle!<\/h3>\n<h3 style=\"text-align: center;\">Sizin i\u00e7in de uygun bir m\u00fclk\u00fcm\u00fcz var!<\/h3>\n<p>[\/et_pb_text][\/et_pb_column][\/et_pb_row][et_pb_row _builder_version=&#8221;4.16&#8243; global_colors_info=&#8221;{}&#8221;][et_pb_column type=&#8221;4_4&#8243; _builder_version=&#8221;4.16&#8243; global_colors_info=&#8221;{}&#8221;][et_pb_image src=&#8221;https:\/\/schilling-hagen-wohnen.de\/wp-content\/uploads\/2022\/12\/Schilling-Hagen-Wohnen_Elbersfelder_Gewerbe.jpg&#8221; alt=&#8221;Schilling-Hagen_Housing_Elbersfelder_Commerce&#8221; title_text=&#8221;Schilling-Hagen-Wohnen_Elbersfelder_Gewerbe&#8221; _builder_version=&#8221;4.19.2&#8243; animation_style=&#8221;zoom&#8221; global_colors_info=&#8221;{}&#8221;][\/et_pb_image][\/et_pb_column][\/et_pb_row][\/et_pb_section][et_pb_section fb_built=&#8221;1&#8243; _builder_version=&#8221;4.19.2&#8243; _module_preset=&#8221;default&#8221; background_color=&#8221;rgba(217,218,219,0.19)&#8221; global_colors_info=&#8221;{}&#8221;][et_pb_row column_structure=&#8221;1_3,1_3,1_3&#8243; _builder_version=&#8221;4.19.2&#8243; _module_preset=&#8221;default&#8221; global_colors_info=&#8221;{}&#8221;][et_pb_column type=&#8221;1_3&#8243; _builder_version=&#8221;4.19.2&#8243; _module_preset=&#8221;default&#8221; background_color=&#8221;#E4C9BC&#8221; global_colors_info=&#8221;{}&#8221;][et_pb_image src=&#8221;https:\/\/schilling-hagen-wohnen.de\/wp-content\/uploads\/2022\/12\/SCHILLING_HAGEN_Elbe_46.jpg&#8221; alt=&#8221;Schilling Hagen Ya\u015fam&#8221; title_text=&#8221;Schilling Hagen Wohnen&#8221; _builder_version=&#8221;4.19.2&#8243; _module_preset=&#8221;default&#8221; global_colors_info=&#8221;{}&#8221;][\/et_pb_image][et_pb_button button_url=&#8221;@ET-DC@eyJkeW5hbWljIjp0cnVlLCJjb250ZW50IjoicG9zdF9saW5rX3VybF9wYWdlIiwic2V0dGluZ3MiOnsicG9zdF9pZCI6IjIzMCJ9fQ==@&#8221; button_text=&#8221;Schilling Hausverwaltung&#8221; button_alignment=&#8221;center&#8221; _builder_version=&#8221;4.19.2&#8243; _dynamic_attributes=&#8221;button_url&#8221; _module_preset=&#8221;default&#8221; custom_button=&#8221;on&#8221; button_text_size=&#8221;14px&#8221; button_border_width=&#8221;1px&#8221; button_border_radius=&#8221;20px&#8221; button_use_icon=&#8221;off&#8221; transform_translate=&#8221;0px|-16px&#8221; transform_translate_linked=&#8221;off&#8221; global_colors_info=&#8221;{}&#8221;][\/et_pb_button][\/et_pb_column][et_pb_column type=&#8221;1_3&#8243; _builder_version=&#8221;4.19.2&#8243; _module_preset=&#8221;default&#8221; background_color=&#8221;#E4C9BC&#8221; global_colors_info=&#8221;{}&#8221;][et_pb_image src=&#8221;https:\/\/schilling-hagen-wohnen.de\/wp-content\/uploads\/2022\/11\/Makler_Frauen_330597333_Kzenon_900x600.jpg&#8221; alt=&#8221;Schilling Hagen Ya\u015fam&#8221; title_text=&#8221;Schilling Hagen Wohnen&#8221; _builder_version=&#8221;4.19.2&#8243; _module_preset=&#8221;default&#8221; global_colors_info=&#8221;{}&#8221;][\/et_pb_image][et_pb_button button_url=&#8221;@ET-DC@eyJkeW5hbWljIjp0cnVlLCJjb250ZW50IjoicG9zdF9saW5rX3VybF9wYWdlIiwic2V0dGluZ3MiOnsicG9zdF9pZCI6IjYyMyJ9fQ==@&#8221; button_text=&#8221;Immobilie suchen&#8221; button_alignment=&#8221;center&#8221; _builder_version=&#8221;4.19.2&#8243; _dynamic_attributes=&#8221;button_url&#8221; _module_preset=&#8221;default&#8221; custom_button=&#8221;on&#8221; button_text_size=&#8221;14px&#8221; button_border_width=&#8221;1px&#8221; button_border_radius=&#8221;20px&#8221; button_use_icon=&#8221;off&#8221; transform_translate=&#8221;0px|-16px&#8221; transform_translate_linked=&#8221;off&#8221; global_colors_info=&#8221;{}&#8221;][\/et_pb_button][\/et_pb_column][et_pb_column type=&#8221;1_3&#8243; _builder_version=&#8221;4.19.2&#8243; _module_preset=&#8221;default&#8221; background_color=&#8221;#E4C9BC&#8221; global_colors_info=&#8221;{}&#8221;][et_pb_image src=&#8221;https:\/\/schilling-hagen-wohnen.de\/wp-content\/uploads\/2022\/11\/Handwerker_295384846_Andrey_Popov_900x600.jpg&#8221; alt=&#8221;Schilling Hagen Ya\u015fam&#8221; title_text=&#8221;Schilling Hagen Wohnen&#8221; _builder_version=&#8221;4.19.2&#8243; _module_preset=&#8221;default&#8221; global_colors_info=&#8221;{}&#8221;][\/et_pb_image][et_pb_button button_url=&#8221;@ET-DC@eyJkeW5hbWljIjp0cnVlLCJjb250ZW50IjoicG9zdF9saW5rX3VybF9wYWdlIiwic2V0dGluZ3MiOnsicG9zdF9pZCI6IjYzNiJ9fQ==@&#8221; button_text=&#8221;Regionalit\u00e4t&#8221; button_alignment=&#8221;center&#8221; _builder_version=&#8221;4.19.2&#8243; _dynamic_attributes=&#8221;button_url&#8221; _module_preset=&#8221;default&#8221; custom_button=&#8221;on&#8221; button_text_size=&#8221;14px&#8221; button_border_width=&#8221;1px&#8221; button_border_radius=&#8221;20px&#8221; button_use_icon=&#8221;off&#8221; transform_translate=&#8221;0px|-16px&#8221; transform_translate_linked=&#8221;off&#8221; global_colors_info=&#8221;{}&#8221;][\/et_pb_button][\/et_pb_column][\/et_pb_row][\/et_pb_section]<\/p>\n","protected":false},"excerpt":{"rendered":"<p>\u0130\u015f yeri HagenHagen&#8217;in ticari konumuHagen ayn\u0131 zamanda Sauerland&#8217;a a\u00e7\u0131lan kap\u0131 olarak da bilinir. Bu durum, \u00f6zellikle Hagen ve \u00e7evresindeki saf do\u011fada a\u00e7\u0131k\u00e7a g\u00f6r\u00fclmektedir. Hagen&#8217;in kentsel alan\u0131n\u0131n %41&#8217;i ormanl\u0131kt\u0131r. Bu da Hagen&#8217;i Kuzey Ren-Vestfalya&#8217;n\u0131n en ye\u015fil \u015fehirlerinden biri yapmaktad\u0131r. En iyi bilinen yerel rekreasyon alanlar\u0131ndan biri Hengstey G\u00f6l\u00fc ve Harkort G\u00f6l\u00fc&#8217;d\u00fcr. Hagen ayr\u0131ca d\u00f6rt b\u00fcy\u00fck nehre [&hellip;]<\/p>\n","protected":false},"author":1,"featured_media":0,"parent":0,"menu_order":0,"comment_status":"closed","ping_status":"closed","template":"","meta":{"_et_pb_use_builder":"on","_et_pb_old_content":"","_et_gb_content_width":"","footnotes":""},"class_list":["post-2521","page","type-page","status-publish","hentry"],"yoast_head":"<!-- This site is optimized with the Yoast SEO plugin v27.4 - https:\/\/yoast.com\/product\/yoast-seo-wordpress\/ -->\n<title>Ticari gayrimenkul - Schilling M\u00fclk Y\u00f6netimi Hagen<\/title>\n<meta name=\"description\" content=\"Hagen&#039;in ticari konumu, Sauerland&#039;a a\u00e7\u0131lan kap\u0131 olarak da bilinmektedir. Konu\u015f bizimle. Sizin i\u00e7in uygun bir ticari m\u00fclk\u00fcm\u00fcz var!\" \/>\n<meta name=\"robots\" content=\"index, follow, max-snippet:-1, max-image-preview:large, max-video-preview:-1\" \/>\n<link rel=\"canonical\" href=\"https:\/\/schilling-hagen-wohnen.de\/tr\/ticari-gayrimenkul\/\" \/>\n<meta property=\"og:locale\" content=\"tr_TR\" \/>\n<meta property=\"og:type\" content=\"article\" \/>\n<meta property=\"og:title\" content=\"Ticari gayrimenkul - Schilling M\u00fclk Y\u00f6netimi Hagen\" \/>\n<meta property=\"og:description\" content=\"Hagen&#039;in ticari konumu, Sauerland&#039;a a\u00e7\u0131lan kap\u0131 olarak da bilinmektedir. Konu\u015f bizimle. Sizin i\u00e7in uygun bir ticari m\u00fclk\u00fcm\u00fcz var!\" \/>\n<meta property=\"og:url\" content=\"https:\/\/schilling-hagen-wohnen.de\/tr\/ticari-gayrimenkul\/\" \/>\n<meta property=\"og:site_name\" content=\"Schilling M\u00fclk Y\u00f6netimi Hagen\" \/>\n<meta property=\"og:image\" content=\"https:\/\/schilling-hagen-wohnen.de\/wp-content\/uploads\/2022\/10\/Schilling-Hagen-Logo_400.png\" \/>\n\t<meta property=\"og:image:width\" content=\"400\" \/>\n\t<meta property=\"og:image:height\" content=\"103\" \/>\n\t<meta property=\"og:image:type\" content=\"image\/png\" \/>\n<meta name=\"twitter:card\" content=\"summary_large_image\" \/>\n<meta name=\"twitter:label1\" content=\"Tahmini okuma s\u00fcresi\" \/>\n\t<meta name=\"twitter:data1\" content=\"7 dakika\" \/>\n<script type=\"application\/ld+json\" class=\"yoast-schema-graph\">{\"@context\":\"https:\\\/\\\/schema.org\",\"@graph\":[{\"@type\":\"WebPage\",\"@id\":\"https:\\\/\\\/schilling-hagen-wohnen.de\\\/tr\\\/ticari-gayrimenkul\\\/\",\"url\":\"https:\\\/\\\/schilling-hagen-wohnen.de\\\/tr\\\/ticari-gayrimenkul\\\/\",\"name\":\"Ticari gayrimenkul - Schilling M\u00fclk Y\u00f6netimi Hagen\",\"isPartOf\":{\"@id\":\"https:\\\/\\\/schilling-hagen-wohnen.de\\\/#website\"},\"datePublished\":\"2022-10-15T16:06:27+00:00\",\"description\":\"Hagen'in ticari konumu, Sauerland'a a\u00e7\u0131lan kap\u0131 olarak da bilinmektedir. Konu\u015f bizimle. Sizin i\u00e7in uygun bir ticari m\u00fclk\u00fcm\u00fcz var!\",\"breadcrumb\":{\"@id\":\"https:\\\/\\\/schilling-hagen-wohnen.de\\\/tr\\\/ticari-gayrimenkul\\\/#breadcrumb\"},\"inLanguage\":\"tr\",\"potentialAction\":[{\"@type\":\"ReadAction\",\"target\":[\"https:\\\/\\\/schilling-hagen-wohnen.de\\\/tr\\\/ticari-gayrimenkul\\\/\"]}]},{\"@type\":\"BreadcrumbList\",\"@id\":\"https:\\\/\\\/schilling-hagen-wohnen.de\\\/tr\\\/ticari-gayrimenkul\\\/#breadcrumb\",\"itemListElement\":[{\"@type\":\"ListItem\",\"position\":1,\"name\":\"Startseite\",\"item\":\"https:\\\/\\\/schilling-hagen-wohnen.de\\\/tr\\\/\"},{\"@type\":\"ListItem\",\"position\":2,\"name\":\"Ticari gayrimenkul\"}]},{\"@type\":\"WebSite\",\"@id\":\"https:\\\/\\\/schilling-hagen-wohnen.de\\\/#website\",\"url\":\"https:\\\/\\\/schilling-hagen-wohnen.de\\\/\",\"name\":\"Schilling M\u00fclk Y\u00f6netimi Hagen\",\"description\":\"... \u0130\u015fte ben b\u00f6yle ya\u015famak istiyorum.\",\"publisher\":{\"@id\":\"https:\\\/\\\/schilling-hagen-wohnen.de\\\/#organization\"},\"potentialAction\":[{\"@type\":\"SearchAction\",\"target\":{\"@type\":\"EntryPoint\",\"urlTemplate\":\"https:\\\/\\\/schilling-hagen-wohnen.de\\\/?s={search_term_string}\"},\"query-input\":{\"@type\":\"PropertyValueSpecification\",\"valueRequired\":true,\"valueName\":\"search_term_string\"}}],\"inLanguage\":\"tr\"},{\"@type\":\"Organization\",\"@id\":\"https:\\\/\\\/schilling-hagen-wohnen.de\\\/#organization\",\"name\":\"Schilling Hagen M\u00fclk Y\u00f6netimi\",\"alternateName\":\"Schilling Hagen Hausverwaltung\",\"url\":\"https:\\\/\\\/schilling-hagen-wohnen.de\\\/\",\"logo\":{\"@type\":\"ImageObject\",\"inLanguage\":\"tr\",\"@id\":\"https:\\\/\\\/schilling-hagen-wohnen.de\\\/#\\\/schema\\\/logo\\\/image\\\/\",\"url\":\"https:\\\/\\\/schilling-hagen-wohnen.de\\\/wp-content\\\/uploads\\\/2022\\\/11\\\/Schilling-Hagen-Logo_400.png\",\"contentUrl\":\"https:\\\/\\\/schilling-hagen-wohnen.de\\\/wp-content\\\/uploads\\\/2022\\\/11\\\/Schilling-Hagen-Logo_400.png\",\"width\":400,\"height\":103,\"caption\":\"Schilling Hagen M\u00fclk Y\u00f6netimi\"},\"image\":{\"@id\":\"https:\\\/\\\/schilling-hagen-wohnen.de\\\/#\\\/schema\\\/logo\\\/image\\\/\"}}]}<\/script>\n<!-- \/ Yoast SEO plugin. -->","yoast_head_json":{"title":"Ticari gayrimenkul - Schilling M\u00fclk Y\u00f6netimi Hagen","description":"Hagen'in ticari konumu, Sauerland'a a\u00e7\u0131lan kap\u0131 olarak da bilinmektedir. Konu\u015f bizimle. Sizin i\u00e7in uygun bir ticari m\u00fclk\u00fcm\u00fcz var!","robots":{"index":"index","follow":"follow","max-snippet":"max-snippet:-1","max-image-preview":"max-image-preview:large","max-video-preview":"max-video-preview:-1"},"canonical":"https:\/\/schilling-hagen-wohnen.de\/tr\/ticari-gayrimenkul\/","og_locale":"tr_TR","og_type":"article","og_title":"Ticari gayrimenkul - Schilling M\u00fclk Y\u00f6netimi Hagen","og_description":"Hagen'in ticari konumu, Sauerland'a a\u00e7\u0131lan kap\u0131 olarak da bilinmektedir. Konu\u015f bizimle. Sizin i\u00e7in uygun bir ticari m\u00fclk\u00fcm\u00fcz var!","og_url":"https:\/\/schilling-hagen-wohnen.de\/tr\/ticari-gayrimenkul\/","og_site_name":"Schilling M\u00fclk Y\u00f6netimi Hagen","og_image":[{"width":400,"height":103,"url":"https:\/\/schilling-hagen-wohnen.de\/wp-content\/uploads\/2022\/10\/Schilling-Hagen-Logo_400.png","type":"image\/png"}],"twitter_card":"summary_large_image","twitter_misc":{"Tahmini okuma s\u00fcresi":"7 dakika"},"schema":{"@context":"https:\/\/schema.org","@graph":[{"@type":"WebPage","@id":"https:\/\/schilling-hagen-wohnen.de\/tr\/ticari-gayrimenkul\/","url":"https:\/\/schilling-hagen-wohnen.de\/tr\/ticari-gayrimenkul\/","name":"Ticari gayrimenkul - Schilling M\u00fclk Y\u00f6netimi Hagen","isPartOf":{"@id":"https:\/\/schilling-hagen-wohnen.de\/#website"},"datePublished":"2022-10-15T16:06:27+00:00","description":"Hagen'in ticari konumu, Sauerland'a a\u00e7\u0131lan kap\u0131 olarak da bilinmektedir. Konu\u015f bizimle. Sizin i\u00e7in uygun bir ticari m\u00fclk\u00fcm\u00fcz var!","breadcrumb":{"@id":"https:\/\/schilling-hagen-wohnen.de\/tr\/ticari-gayrimenkul\/#breadcrumb"},"inLanguage":"tr","potentialAction":[{"@type":"ReadAction","target":["https:\/\/schilling-hagen-wohnen.de\/tr\/ticari-gayrimenkul\/"]}]},{"@type":"BreadcrumbList","@id":"https:\/\/schilling-hagen-wohnen.de\/tr\/ticari-gayrimenkul\/#breadcrumb","itemListElement":[{"@type":"ListItem","position":1,"name":"Startseite","item":"https:\/\/schilling-hagen-wohnen.de\/tr\/"},{"@type":"ListItem","position":2,"name":"Ticari gayrimenkul"}]},{"@type":"WebSite","@id":"https:\/\/schilling-hagen-wohnen.de\/#website","url":"https:\/\/schilling-hagen-wohnen.de\/","name":"Schilling M\u00fclk Y\u00f6netimi Hagen","description":"... \u0130\u015fte ben b\u00f6yle ya\u015famak istiyorum.","publisher":{"@id":"https:\/\/schilling-hagen-wohnen.de\/#organization"},"potentialAction":[{"@type":"SearchAction","target":{"@type":"EntryPoint","urlTemplate":"https:\/\/schilling-hagen-wohnen.de\/?s={search_term_string}"},"query-input":{"@type":"PropertyValueSpecification","valueRequired":true,"valueName":"search_term_string"}}],"inLanguage":"tr"},{"@type":"Organization","@id":"https:\/\/schilling-hagen-wohnen.de\/#organization","name":"Schilling Hagen M\u00fclk Y\u00f6netimi","alternateName":"Schilling Hagen Hausverwaltung","url":"https:\/\/schilling-hagen-wohnen.de\/","logo":{"@type":"ImageObject","inLanguage":"tr","@id":"https:\/\/schilling-hagen-wohnen.de\/#\/schema\/logo\/image\/","url":"https:\/\/schilling-hagen-wohnen.de\/wp-content\/uploads\/2022\/11\/Schilling-Hagen-Logo_400.png","contentUrl":"https:\/\/schilling-hagen-wohnen.de\/wp-content\/uploads\/2022\/11\/Schilling-Hagen-Logo_400.png","width":400,"height":103,"caption":"Schilling Hagen M\u00fclk Y\u00f6netimi"},"image":{"@id":"https:\/\/schilling-hagen-wohnen.de\/#\/schema\/logo\/image\/"}}]}},"_links":{"self":[{"href":"https:\/\/schilling-hagen-wohnen.de\/tr\/wp-json\/wp\/v2\/pages\/2521","targetHints":{"allow":["GET"]}}],"collection":[{"href":"https:\/\/schilling-hagen-wohnen.de\/tr\/wp-json\/wp\/v2\/pages"}],"about":[{"href":"https:\/\/schilling-hagen-wohnen.de\/tr\/wp-json\/wp\/v2\/types\/page"}],"author":[{"embeddable":true,"href":"https:\/\/schilling-hagen-wohnen.de\/tr\/wp-json\/wp\/v2\/users\/1"}],"replies":[{"embeddable":true,"href":"https:\/\/schilling-hagen-wohnen.de\/tr\/wp-json\/wp\/v2\/comments?post=2521"}],"version-history":[{"count":0,"href":"https:\/\/schilling-hagen-wohnen.de\/tr\/wp-json\/wp\/v2\/pages\/2521\/revisions"}],"wp:attachment":[{"href":"https:\/\/schilling-hagen-wohnen.de\/tr\/wp-json\/wp\/v2\/media?parent=2521"}],"curies":[{"name":"wp","href":"https:\/\/api.w.org\/{rel}","templated":true}]}}