{"id":2527,"date":"2022-10-14T22:26:45","date_gmt":"2022-10-14T20:26:45","guid":{"rendered":"https:\/\/schilling-hagen-wohnen.de\/bizimle-yasamak\/"},"modified":"2025-04-22T12:56:26","modified_gmt":"2025-04-22T10:56:26","slug":"bizimle-yasamak","status":"publish","type":"page","link":"https:\/\/schilling-hagen-wohnen.de\/tr\/bizimle-yasamak\/","title":{"rendered":"Bizimle ya\u015famak"},"content":{"rendered":"<p>[et_pb_section fb_built=&#8221;1&#8243; _builder_version=&#8221;4.20.2&#8243; background_enable_image=&#8221;off&#8221; background_video_mp4=&#8221;https:\/\/schilling-hagen-wohnen.de\/wp-content\/uploads\/2023\/03\/03_Familie_Einzug_c.mp4&#8243; allow_player_pause=&#8221;on&#8221; width=&#8221;100%&#8221; width_tablet=&#8221;100%&#8221; width_phone=&#8221;100%&#8221; width_last_edited=&#8221;on|desktop&#8221; max_width=&#8221;100%&#8221; min_height=&#8221;700px&#8221; min_height_tablet=&#8221;400px&#8221; min_height_phone=&#8221;200px&#8221; min_height_last_edited=&#8221;on|desktop&#8221; height=&#8221;700px&#8221; height_tablet=&#8221;400px&#8221; height_phone=&#8221;200px&#8221; height_last_edited=&#8221;on|desktop&#8221; max_height=&#8221;700px&#8221; max_height_tablet=&#8221;400px&#8221; max_height_phone=&#8221;200px&#8221; max_height_last_edited=&#8221;on|phone&#8221; hover_enabled=&#8221;0&#8243; global_colors_info=&#8221;{}&#8221; title_text=&#8221;Schilling Hagen Wohnen Familie Einzug&#8221; sticky_enabled=&#8221;0&#8243;][\/et_pb_section][et_pb_section fb_built=&#8221;1&#8243; _builder_version=&#8221;4.16&#8243; global_colors_info=&#8221;{}&#8221;][et_pb_row _builder_version=&#8221;4.16&#8243; global_colors_info=&#8221;{}&#8221;][et_pb_column type=&#8221;4_4&#8243; _builder_version=&#8221;4.16&#8243; global_colors_info=&#8221;{}&#8221;][et_pb_text _builder_version=&#8221;4.16&#8243; global_colors_info=&#8221;{}&#8221;]<\/p>\n<h1 style=\"text-align: center;\">Bizimle ya\u015famak<\/h1>\n<p>[\/et_pb_text][\/et_pb_column][\/et_pb_row][et_pb_row column_structure=&#8221;1_3,1_3,1_3&#8243; _builder_version=&#8221;4.19.1&#8243; global_colors_info=&#8221;{}&#8221;][et_pb_column type=&#8221;1_3&#8243; _builder_version=&#8221;4.19.1&#8243; background_color=&#8221;rgba(228,201,188,0.52)&#8221; border_width_bottom=&#8221;10px&#8221; border_color_bottom=&#8221;rgba(228,201,188,0)&#8221; global_colors_info=&#8221;{}&#8221;][et_pb_image src=&#8221;https:\/\/schilling-hagen-wohnen.de\/wp-content\/uploads\/2022\/11\/Fotografin_232997208_Tierney_900x600.jpg&#8221; alt=&#8221;Schilling Hagen Ya\u015fam&#8221; title_text=&#8221;Fotografin_232997208_Tierney_900x600&#8243; _builder_version=&#8221;4.19.0&#8243; animation_style=&#8221;zoom&#8221; global_colors_info=&#8221;{}&#8221;][\/et_pb_image][et_pb_text _builder_version=&#8221;4.18.1&#8243; custom_margin=&#8221;||0px|||&#8221; global_colors_info=&#8221;{}&#8221;]<\/p>\n<h2 style=\"text-align: center;\">Foto\u011fraf-video yar\u0131\u015fmas\u0131<\/h2>\n<p>[\/et_pb_text][et_pb_button button_url=&#8221;@ET-DC@eyJkeW5hbWljIjp0cnVlLCJjb250ZW50IjoicG9zdF9saW5rX3VybF9wYWdlIiwic2V0dGluZ3MiOnsicG9zdF9pZCI6IjYxMSIsImVuYWJsZV9odG1sIjoib2ZmIn19@&#8221; button_text=&#8221;\u015fimdi kat\u0131l\u0131n&#8221; button_alignment=&#8221;center&#8221; _builder_version=&#8221;4.19.1&#8243; _dynamic_attributes=&#8221;button_url&#8221; transform_translate_linked=&#8221;off&#8221; global_colors_info=&#8221;{}&#8221;][\/et_pb_button][\/et_pb_column][et_pb_column type=&#8221;1_3&#8243; _builder_version=&#8221;4.16&#8243; background_color=&#8221;rgba(228,201,188,0.52)&#8221; border_width_bottom=&#8221;10px&#8221; border_color_bottom=&#8221;rgba(228,201,188,0)&#8221; global_colors_info=&#8221;{}&#8221;][et_pb_image src=&#8221;https:\/\/schilling-hagen-wohnen.de\/wp-content\/uploads\/2022\/11\/wohnungen_in_hagen_schilling_eltern_und_tochter.jpg&#8221; alt=&#8221;Schilling Hagen Ya\u015fam&#8221; title_text=&#8221;Eltern_Maedchen_900x600&#8243; _builder_version=&#8221;4.19.0&#8243; animation_style=&#8221;zoom&#8221; global_colors_info=&#8221;{}&#8221;][\/et_pb_image][et_pb_text _builder_version=&#8221;4.16&#8243; custom_margin=&#8221;||0px|||&#8221; global_colors_info=&#8221;{}&#8221;]<\/p>\n<h2 style=\"text-align: center;\">Bizimle sa\u011flad\u0131\u011f\u0131n\u0131z avantajlar<\/h2>\n<p>[\/et_pb_text][et_pb_button button_url=&#8221;@ET-DC@eyJkeW5hbWljIjp0cnVlLCJjb250ZW50IjoicG9zdF9saW5rX3VybF9wYWdlIiwic2V0dGluZ3MiOnsicG9zdF9pZCI6IjIyMiIsImVuYWJsZV9odG1sIjoib2ZmIn19@&#8221; button_text=&#8221;daha fazla bilgi&#8221; button_alignment=&#8221;center&#8221; _builder_version=&#8221;4.19.1&#8243; _dynamic_attributes=&#8221;button_url&#8221; transform_translate_linked=&#8221;off&#8221; global_colors_info=&#8221;{}&#8221;][\/et_pb_button][\/et_pb_column][et_pb_column type=&#8221;1_3&#8243; _builder_version=&#8221;4.16&#8243; background_color=&#8221;rgba(228,201,188,0.52)&#8221; border_width_bottom=&#8221;10px&#8221; border_color_bottom=&#8221;rgba(228,201,188,0)&#8221; global_colors_info=&#8221;{}&#8221;][et_pb_image src=&#8221;https:\/\/schilling-hagen-wohnen.de\/wp-content\/uploads\/2022\/11\/55-Paar_532766637_peopleimages.com_900x600.jpg&#8221; alt=&#8221;Schilling Hagen Ya\u015fam&#8221; title_text=&#8221;55-Paar_532766637_peopleimages.com_900x600&#8243; _builder_version=&#8221;4.19.0&#8243; animation_style=&#8221;slide&#8221; animation_direction=&#8221;right&#8221; global_colors_info=&#8221;{}&#8221;][\/et_pb_image][et_pb_text _builder_version=&#8221;4.16&#8243; custom_margin=&#8221;||0px|||&#8221; global_colors_info=&#8221;{}&#8221;]<\/p>\n<h2 style=\"text-align: center;\">\u015eilin 55+<\/h2>\n<p>[\/et_pb_text][et_pb_button button_url=&#8221;@ET-DC@eyJkeW5hbWljIjp0cnVlLCJjb250ZW50IjoicG9zdF9saW5rX3VybF9wYWdlIiwic2V0dGluZ3MiOnsicG9zdF9pZCI6IjIxMSIsImVuYWJsZV9odG1sIjoib2ZmIn19@&#8221; button_text=&#8221;daha fazla bilgi&#8221; button_alignment=&#8221;center&#8221; _builder_version=&#8221;4.19.1&#8243; _dynamic_attributes=&#8221;button_url&#8221; transform_translate_linked=&#8221;off&#8221; global_colors_info=&#8221;{}&#8221;][\/et_pb_button][\/et_pb_column][\/et_pb_row][et_pb_row column_structure=&#8221;1_3,1_3,1_3&#8243; _builder_version=&#8221;4.19.4&#8243; global_colors_info=&#8221;{}&#8221;][et_pb_column type=&#8221;1_3&#8243; _builder_version=&#8221;4.16&#8243; background_color=&#8221;rgba(228,201,188,0.52)&#8221; border_width_bottom=&#8221;10px&#8221; border_color_bottom=&#8221;rgba(228,201,188,0)&#8221; global_colors_info=&#8221;{}&#8221;][et_pb_image src=&#8221;https:\/\/schilling-hagen-wohnen.de\/wp-content\/uploads\/2022\/11\/wohnungen_in_hagen_schilling_fernsehen-1.jpg&#8221; alt=&#8221;Schilling Hagen Ya\u015fam&#8221; title_text=&#8221;Fernseher_464429379_Studio_Romantic_900x600&#8243; _builder_version=&#8221;4.19.0&#8243; animation_style=&#8221;slide&#8221; animation_direction=&#8221;left&#8221; global_colors_info=&#8221;{}&#8221;][\/et_pb_image][et_pb_text _builder_version=&#8221;4.16&#8243; custom_margin=&#8221;||0px|||&#8221; global_colors_info=&#8221;{}&#8221;]<\/p>\n<h2 style=\"text-align: center;\">Televizyon ve \u0130nternet<\/h2>\n<p>[\/et_pb_text][et_pb_button button_url=&#8221;@ET-DC@eyJkeW5hbWljIjp0cnVlLCJjb250ZW50IjoicG9zdF9saW5rX3VybF9wYWdlIiwic2V0dGluZ3MiOnsicG9zdF9pZCI6IjIwOCIsImVuYWJsZV9odG1sIjoib2ZmIn19@&#8221; button_text=&#8221;daha fazla bilgi&#8221; button_alignment=&#8221;center&#8221; _builder_version=&#8221;4.19.1&#8243; _dynamic_attributes=&#8221;button_url&#8221; transform_translate_linked=&#8221;off&#8221; global_colors_info=&#8221;{}&#8221;][\/et_pb_button][\/et_pb_column][et_pb_column type=&#8221;1_3&#8243; _builder_version=&#8221;4.16&#8243; background_color=&#8221;rgba(228,201,188,0.52)&#8221; border_width_bottom=&#8221;10px&#8221; border_color_bottom=&#8221;rgba(228,201,188,0)&#8221; global_colors_info=&#8221;{}&#8221;][et_pb_image src=&#8221;https:\/\/schilling-hagen-wohnen.de\/wp-content\/uploads\/2022\/11\/Schilling-Card_480-320-1.jpg&#8221; alt=&#8221;Schilling Hagen Ya\u015fam&#8221; title_text=&#8221;Schilling Hagen Ya\u015fam&#8221; _builder_version=&#8221;4.19.2&#8243; animation_style=&#8221;zoom&#8221; global_colors_info=&#8221;{}&#8221;][\/et_pb_image][et_pb_text _builder_version=&#8221;4.19.1&#8243; custom_margin=&#8221;||0px|||&#8221; global_colors_info=&#8221;{}&#8221;]<\/p>\n<h2 style=\"text-align: center;\">Schilling Kart\u0131<\/h2>\n<p>[\/et_pb_text][et_pb_button button_url=&#8221;@ET-DC@eyJkeW5hbWljIjp0cnVlLCJjb250ZW50IjoicG9zdF9saW5rX3VybF9wYWdlIiwic2V0dGluZ3MiOnsicG9zdF9pZCI6IjY0NiIsImVuYWJsZV9odG1sIjoib2ZmIn19@&#8221; button_text=&#8221;daha fazla bilgi&#8221; button_alignment=&#8221;center&#8221; _builder_version=&#8221;4.19.1&#8243; _dynamic_attributes=&#8221;button_url&#8221; transform_translate_linked=&#8221;off&#8221; global_colors_info=&#8221;{}&#8221;][\/et_pb_button][\/et_pb_column][et_pb_column type=&#8221;1_3&#8243; _builder_version=&#8221;4.16&#8243; background_color=&#8221;rgba(228,201,188,0.52)&#8221; border_width_bottom=&#8221;10px&#8221; border_color_bottom=&#8221;rgba(228,201,188,0)&#8221; global_colors_info=&#8221;{}&#8221;][et_pb_image src=&#8221;https:\/\/schilling-hagen-wohnen.de\/wp-content\/uploads\/2022\/11\/Familie_Einzug_328445093_Studio-Romantic_900x600.jpg&#8221; alt=&#8221;Schilling Hagen Ya\u015fam&#8221; title_text=&#8221;Familie_Einzug_328445093_Studio-Romantic_900x600&#8243; _builder_version=&#8221;4.19.0&#8243; animation_style=&#8221;zoom&#8221; global_colors_info=&#8221;{}&#8221;][\/et_pb_image][et_pb_text _builder_version=&#8221;4.16&#8243; custom_margin=&#8221;||0px|||&#8221; global_colors_info=&#8221;{}&#8221;]<\/p>\n<h2 style=\"text-align: center;\">Ta\u015f\u0131nma geri say\u0131m\u0131<\/h2>\n<p>[\/et_pb_text][et_pb_button button_url=&#8221;@ET-DC@eyJkeW5hbWljIjp0cnVlLCJjb250ZW50IjoicG9zdF9saW5rX3VybF9wYWdlIiwic2V0dGluZ3MiOnsicG9zdF9pZCI6IjI4OCIsImVuYWJsZV9odG1sIjoib2ZmIn19@&#8221; button_text=&#8221;daha fazla bilgi&#8221; button_alignment=&#8221;center&#8221; _builder_version=&#8221;4.19.1&#8243; _dynamic_attributes=&#8221;button_url&#8221; transform_translate_linked=&#8221;off&#8221; global_colors_info=&#8221;{}&#8221;][\/et_pb_button][\/et_pb_column][\/et_pb_row][et_pb_row column_structure=&#8221;1_3,1_3,1_3&#8243; _builder_version=&#8221;4.19.2&#8243; global_colors_info=&#8221;{}&#8221;][et_pb_column type=&#8221;1_3&#8243; _builder_version=&#8221;4.16&#8243; background_color=&#8221;rgba(228,201,188,0.52)&#8221; border_width_bottom=&#8221;10px&#8221; border_color_bottom=&#8221;rgba(228,201,188,0)&#8221; global_colors_info=&#8221;{}&#8221;][et_pb_image src=&#8221;https:\/\/schilling-hagen-wohnen.de\/wp-content\/uploads\/2022\/11\/Wohnung_neu_54747890_Friedberg_900x600.jpg&#8221; alt=&#8221;Schilling Hagen Ya\u015fam&#8221; title_text=&#8221;Wohnung_neu_54747890_Friedberg_900x600&#8243; _builder_version=&#8221;4.19.0&#8243; animation_style=&#8221;slide&#8221; animation_direction=&#8221;left&#8221; global_colors_info=&#8221;{}&#8221;][\/et_pb_image][et_pb_text _builder_version=&#8221;4.16&#8243; custom_margin=&#8221;||0px|||&#8221; global_colors_info=&#8221;{}&#8221;]<\/p>\n<h2 style=\"text-align: center;\">Ev kurallar\u0131<\/h2>\n<p>[\/et_pb_text][et_pb_button button_url=&#8221;@ET-DC@eyJkeW5hbWljIjp0cnVlLCJjb250ZW50IjoicG9zdF9saW5rX3VybF9wYWdlIiwic2V0dGluZ3MiOnsicG9zdF9pZCI6IjI3OSIsImVuYWJsZV9odG1sIjoib2ZmIn19@&#8221; button_text=&#8221;daha fazla bilgi&#8221; button_alignment=&#8221;center&#8221; _builder_version=&#8221;4.19.1&#8243; _dynamic_attributes=&#8221;button_url&#8221; transform_translate_linked=&#8221;off&#8221; global_colors_info=&#8221;{}&#8221;][\/et_pb_button][\/et_pb_column][et_pb_column type=&#8221;1_3&#8243; _builder_version=&#8221;4.16&#8243; background_color=&#8221;rgba(228,201,188,0.52)&#8221; border_width_bottom=&#8221;10px&#8221; border_color_bottom=&#8221;rgba(228,201,188,0)&#8221; global_colors_info=&#8221;{}&#8221;][et_pb_image src=&#8221;https:\/\/schilling-hagen-wohnen.de\/wp-content\/uploads\/2022\/10\/Hagen_Rathausplatz_2018_c_Meister_Klaus_Ehlers.jpg&#8221; alt=&#8221;Schilling Hagen Ya\u015fam&#8221; title_text=&#8221;Hagen_Rathausplatz_2018_c_Master_Klaus_Ehlers&#8221; _builder_version=&#8221;4.19.0&#8243; animation_style=&#8221;slide&#8221; animation_direction=&#8221;right&#8221; global_colors_info=&#8221;{}&#8221;][\/et_pb_image][et_pb_text _builder_version=&#8221;4.16&#8243; custom_margin=&#8221;||0px|||&#8221; global_colors_info=&#8221;{}&#8221;]<\/p>\n<h2 style=\"text-align: center;\">Faydal\u0131 ba\u011flant\u0131lar<\/h2>\n<p>[\/et_pb_text][et_pb_button button_url=&#8221;@ET-DC@eyJkeW5hbWljIjp0cnVlLCJjb250ZW50IjoicG9zdF9saW5rX3VybF9wYWdlIiwic2V0dGluZ3MiOnsicG9zdF9pZCI6IjMxOSIsImVuYWJsZV9odG1sIjoib2ZmIn19@&#8221; button_text=&#8221;daha fazla bilgi&#8221; button_alignment=&#8221;center&#8221; _builder_version=&#8221;4.19.1&#8243; _dynamic_attributes=&#8221;button_url&#8221; transform_translate_linked=&#8221;off&#8221; global_colors_info=&#8221;{}&#8221;][\/et_pb_button][\/et_pb_column][et_pb_column type=&#8221;1_3&#8243; _builder_version=&#8221;4.19.2&#8243; background_color=&#8221;RGBA(255,255,255,0)&#8221; global_colors_info=&#8221;{}&#8221;][\/et_pb_column][\/et_pb_row][et_pb_row _builder_version=&#8221;4.19.2&#8243; _module_preset=&#8221;default&#8221; global_colors_info=&#8221;{}&#8221;][et_pb_column type=&#8221;4_4&#8243; _builder_version=&#8221;4.19.2&#8243; _module_preset=&#8221;default&#8221; global_colors_info=&#8221;{}&#8221;][et_pb_text _builder_version=&#8221;4.19.1&#8243; animation_style=&#8221;slide&#8221; animation_direction=&#8221;left&#8221; global_module=&#8221;1349&#8243; global_colors_info=&#8221;{}&#8221;]<\/p>\n<h3 style=\"text-align: center;\">Werden auch Sie unser Mieter!<\/h3>\n<h3 style=\"text-align: center;\">Wir freuen uns, denn bei uns sind Sie herzlich willkommen!<\/h3>\n<p>[\/et_pb_text][\/et_pb_column][\/et_pb_row][\/et_pb_section]<\/p>\n","protected":false},"excerpt":{"rendered":"<p>Bizimle ya\u015famakFoto\u011fraf-video yar\u0131\u015fmas\u0131Bizimle sa\u011flad\u0131\u011f\u0131n\u0131z avantajlar\u015eilin 55+Televizyon ve \u0130nternetSchilling Kart\u0131Ta\u015f\u0131nma geri say\u0131m\u0131Ev kurallar\u0131Faydal\u0131 ba\u011flant\u0131larWerden auch Sie unser Mieter! Wir freuen uns, denn bei uns sind Sie herzlich willkommen!<\/p>\n","protected":false},"author":1,"featured_media":0,"parent":0,"menu_order":0,"comment_status":"closed","ping_status":"closed","template":"","meta":{"_et_pb_use_builder":"on","_et_pb_old_content":"","_et_gb_content_width":"","footnotes":""},"class_list":["post-2527","page","type-page","status-publish","hentry"],"yoast_head":"<!-- This site is optimized with the Yoast SEO plugin v27.5 - https:\/\/yoast.com\/product\/yoast-seo-wordpress\/ -->\n<title>Bizimle ya\u015famak - Schilling M\u00fclk Y\u00f6netimi Hagen<\/title>\n<meta name=\"description\" content=\"Merkezi yerlerde ya\u015famak, modernize edilmi\u015f daireler, uygun fiyatlar. Biz sizin yan\u0131n\u0131zda yetkin bir orta\u011f\u0131z. \u0130\u015fte ben b\u00f6yle ya\u015famak istiyorum!\" \/>\n<meta name=\"robots\" content=\"index, follow, max-snippet:-1, max-image-preview:large, max-video-preview:-1\" \/>\n<link rel=\"canonical\" href=\"https:\/\/schilling-hagen-wohnen.de\/tr\/bizimle-yasamak\/\" \/>\n<meta property=\"og:locale\" content=\"tr_TR\" \/>\n<meta property=\"og:type\" content=\"article\" \/>\n<meta property=\"og:title\" content=\"Bizimle ya\u015famak\" \/>\n<meta property=\"og:description\" content=\"Merkezi yerlerde ya\u015famak, modernize edilmi\u015f daireler, uygun fiyatlar. Biz sizin yan\u0131n\u0131zda yetkin bir orta\u011f\u0131z. \u0130\u015fte ben b\u00f6yle ya\u015famak istiyorum!\" \/>\n<meta property=\"og:url\" content=\"https:\/\/schilling-hagen-wohnen.de\/tr\/bizimle-yasamak\/\" \/>\n<meta property=\"og:site_name\" content=\"Schilling M\u00fclk Y\u00f6netimi Hagen\" \/>\n<meta property=\"article:modified_time\" content=\"2025-04-22T10:56:26+00:00\" \/>\n<meta property=\"og:image\" content=\"https:\/\/schilling-hagen-wohnen.de\/wp-content\/uploads\/2022\/12\/Eltern_Maedchen_900x600.jpg\" \/>\n<meta name=\"twitter:card\" content=\"summary_large_image\" \/>\n<meta name=\"twitter:title\" content=\"Bizimle ya\u015famak\" \/>\n<meta name=\"twitter:description\" content=\"Merkezi yerlerde ya\u015famak, modernize edilmi\u015f daireler, uygun fiyatlar. Biz sizin yan\u0131n\u0131zda yetkin bir orta\u011f\u0131z. \u0130\u015fte ben b\u00f6yle ya\u015famak istiyorum!\" \/>\n<meta name=\"twitter:image\" content=\"https:\/\/schilling-hagen-wohnen.de\/wp-content\/uploads\/2022\/12\/Eltern_Maedchen_900x600.jpg\" \/>\n<meta name=\"twitter:label1\" content=\"Tahmini okuma s\u00fcresi\" \/>\n\t<meta name=\"twitter:data1\" content=\"6 dakika\" \/>\n<script type=\"application\/ld+json\" class=\"yoast-schema-graph\">{\"@context\":\"https:\\\/\\\/schema.org\",\"@graph\":[{\"@type\":\"WebPage\",\"@id\":\"https:\\\/\\\/schilling-hagen-wohnen.de\\\/tr\\\/bizimle-yasamak\\\/\",\"url\":\"https:\\\/\\\/schilling-hagen-wohnen.de\\\/tr\\\/bizimle-yasamak\\\/\",\"name\":\"Bizimle ya\u015famak - Schilling M\u00fclk Y\u00f6netimi Hagen\",\"isPartOf\":{\"@id\":\"https:\\\/\\\/schilling-hagen-wohnen.de\\\/#website\"},\"datePublished\":\"2022-10-14T20:26:45+00:00\",\"dateModified\":\"2025-04-22T10:56:26+00:00\",\"description\":\"Merkezi yerlerde ya\u015famak, modernize edilmi\u015f daireler, uygun fiyatlar. Biz sizin yan\u0131n\u0131zda yetkin bir orta\u011f\u0131z. \u0130\u015fte ben b\u00f6yle ya\u015famak istiyorum!\",\"breadcrumb\":{\"@id\":\"https:\\\/\\\/schilling-hagen-wohnen.de\\\/tr\\\/bizimle-yasamak\\\/#breadcrumb\"},\"inLanguage\":\"tr\",\"potentialAction\":[{\"@type\":\"ReadAction\",\"target\":[\"https:\\\/\\\/schilling-hagen-wohnen.de\\\/tr\\\/bizimle-yasamak\\\/\"]}]},{\"@type\":\"BreadcrumbList\",\"@id\":\"https:\\\/\\\/schilling-hagen-wohnen.de\\\/tr\\\/bizimle-yasamak\\\/#breadcrumb\",\"itemListElement\":[{\"@type\":\"ListItem\",\"position\":1,\"name\":\"Startseite\",\"item\":\"https:\\\/\\\/schilling-hagen-wohnen.de\\\/tr\\\/\"},{\"@type\":\"ListItem\",\"position\":2,\"name\":\"Bizimle ya\u015famak\"}]},{\"@type\":\"WebSite\",\"@id\":\"https:\\\/\\\/schilling-hagen-wohnen.de\\\/#website\",\"url\":\"https:\\\/\\\/schilling-hagen-wohnen.de\\\/\",\"name\":\"Schilling M\u00fclk Y\u00f6netimi Hagen\",\"description\":\"... \u0130\u015fte ben b\u00f6yle ya\u015famak istiyorum.\",\"publisher\":{\"@id\":\"https:\\\/\\\/schilling-hagen-wohnen.de\\\/#organization\"},\"potentialAction\":[{\"@type\":\"SearchAction\",\"target\":{\"@type\":\"EntryPoint\",\"urlTemplate\":\"https:\\\/\\\/schilling-hagen-wohnen.de\\\/?s={search_term_string}\"},\"query-input\":{\"@type\":\"PropertyValueSpecification\",\"valueRequired\":true,\"valueName\":\"search_term_string\"}}],\"inLanguage\":\"tr\"},{\"@type\":\"Organization\",\"@id\":\"https:\\\/\\\/schilling-hagen-wohnen.de\\\/#organization\",\"name\":\"Schilling Hagen M\u00fclk Y\u00f6netimi\",\"alternateName\":\"Schilling Hagen Hausverwaltung\",\"url\":\"https:\\\/\\\/schilling-hagen-wohnen.de\\\/\",\"logo\":{\"@type\":\"ImageObject\",\"inLanguage\":\"tr\",\"@id\":\"https:\\\/\\\/schilling-hagen-wohnen.de\\\/#\\\/schema\\\/logo\\\/image\\\/\",\"url\":\"https:\\\/\\\/schilling-hagen-wohnen.de\\\/wp-content\\\/uploads\\\/2022\\\/11\\\/Schilling-Hagen-Logo_400.png\",\"contentUrl\":\"https:\\\/\\\/schilling-hagen-wohnen.de\\\/wp-content\\\/uploads\\\/2022\\\/11\\\/Schilling-Hagen-Logo_400.png\",\"width\":400,\"height\":103,\"caption\":\"Schilling Hagen M\u00fclk Y\u00f6netimi\"},\"image\":{\"@id\":\"https:\\\/\\\/schilling-hagen-wohnen.de\\\/#\\\/schema\\\/logo\\\/image\\\/\"}}]}<\/script>\n<!-- \/ Yoast SEO plugin. -->","yoast_head_json":{"title":"Bizimle ya\u015famak - Schilling M\u00fclk Y\u00f6netimi Hagen","description":"Merkezi yerlerde ya\u015famak, modernize edilmi\u015f daireler, uygun fiyatlar. Biz sizin yan\u0131n\u0131zda yetkin bir orta\u011f\u0131z. \u0130\u015fte ben b\u00f6yle ya\u015famak istiyorum!","robots":{"index":"index","follow":"follow","max-snippet":"max-snippet:-1","max-image-preview":"max-image-preview:large","max-video-preview":"max-video-preview:-1"},"canonical":"https:\/\/schilling-hagen-wohnen.de\/tr\/bizimle-yasamak\/","og_locale":"tr_TR","og_type":"article","og_title":"Bizimle ya\u015famak","og_description":"Merkezi yerlerde ya\u015famak, modernize edilmi\u015f daireler, uygun fiyatlar. Biz sizin yan\u0131n\u0131zda yetkin bir orta\u011f\u0131z. \u0130\u015fte ben b\u00f6yle ya\u015famak istiyorum!","og_url":"https:\/\/schilling-hagen-wohnen.de\/tr\/bizimle-yasamak\/","og_site_name":"Schilling M\u00fclk Y\u00f6netimi Hagen","article_modified_time":"2025-04-22T10:56:26+00:00","og_image":[{"url":"https:\/\/schilling-hagen-wohnen.de\/wp-content\/uploads\/2022\/12\/Eltern_Maedchen_900x600.jpg","type":"","width":"","height":""}],"twitter_card":"summary_large_image","twitter_title":"Bizimle ya\u015famak","twitter_description":"Merkezi yerlerde ya\u015famak, modernize edilmi\u015f daireler, uygun fiyatlar. Biz sizin yan\u0131n\u0131zda yetkin bir orta\u011f\u0131z. \u0130\u015fte ben b\u00f6yle ya\u015famak istiyorum!","twitter_image":"https:\/\/schilling-hagen-wohnen.de\/wp-content\/uploads\/2022\/12\/Eltern_Maedchen_900x600.jpg","twitter_misc":{"Tahmini okuma s\u00fcresi":"6 dakika"},"schema":{"@context":"https:\/\/schema.org","@graph":[{"@type":"WebPage","@id":"https:\/\/schilling-hagen-wohnen.de\/tr\/bizimle-yasamak\/","url":"https:\/\/schilling-hagen-wohnen.de\/tr\/bizimle-yasamak\/","name":"Bizimle ya\u015famak - Schilling M\u00fclk Y\u00f6netimi Hagen","isPartOf":{"@id":"https:\/\/schilling-hagen-wohnen.de\/#website"},"datePublished":"2022-10-14T20:26:45+00:00","dateModified":"2025-04-22T10:56:26+00:00","description":"Merkezi yerlerde ya\u015famak, modernize edilmi\u015f daireler, uygun fiyatlar. Biz sizin yan\u0131n\u0131zda yetkin bir orta\u011f\u0131z. \u0130\u015fte ben b\u00f6yle ya\u015famak istiyorum!","breadcrumb":{"@id":"https:\/\/schilling-hagen-wohnen.de\/tr\/bizimle-yasamak\/#breadcrumb"},"inLanguage":"tr","potentialAction":[{"@type":"ReadAction","target":["https:\/\/schilling-hagen-wohnen.de\/tr\/bizimle-yasamak\/"]}]},{"@type":"BreadcrumbList","@id":"https:\/\/schilling-hagen-wohnen.de\/tr\/bizimle-yasamak\/#breadcrumb","itemListElement":[{"@type":"ListItem","position":1,"name":"Startseite","item":"https:\/\/schilling-hagen-wohnen.de\/tr\/"},{"@type":"ListItem","position":2,"name":"Bizimle ya\u015famak"}]},{"@type":"WebSite","@id":"https:\/\/schilling-hagen-wohnen.de\/#website","url":"https:\/\/schilling-hagen-wohnen.de\/","name":"Schilling M\u00fclk Y\u00f6netimi Hagen","description":"... \u0130\u015fte ben b\u00f6yle ya\u015famak istiyorum.","publisher":{"@id":"https:\/\/schilling-hagen-wohnen.de\/#organization"},"potentialAction":[{"@type":"SearchAction","target":{"@type":"EntryPoint","urlTemplate":"https:\/\/schilling-hagen-wohnen.de\/?s={search_term_string}"},"query-input":{"@type":"PropertyValueSpecification","valueRequired":true,"valueName":"search_term_string"}}],"inLanguage":"tr"},{"@type":"Organization","@id":"https:\/\/schilling-hagen-wohnen.de\/#organization","name":"Schilling Hagen M\u00fclk Y\u00f6netimi","alternateName":"Schilling Hagen Hausverwaltung","url":"https:\/\/schilling-hagen-wohnen.de\/","logo":{"@type":"ImageObject","inLanguage":"tr","@id":"https:\/\/schilling-hagen-wohnen.de\/#\/schema\/logo\/image\/","url":"https:\/\/schilling-hagen-wohnen.de\/wp-content\/uploads\/2022\/11\/Schilling-Hagen-Logo_400.png","contentUrl":"https:\/\/schilling-hagen-wohnen.de\/wp-content\/uploads\/2022\/11\/Schilling-Hagen-Logo_400.png","width":400,"height":103,"caption":"Schilling Hagen M\u00fclk Y\u00f6netimi"},"image":{"@id":"https:\/\/schilling-hagen-wohnen.de\/#\/schema\/logo\/image\/"}}]}},"_links":{"self":[{"href":"https:\/\/schilling-hagen-wohnen.de\/tr\/wp-json\/wp\/v2\/pages\/2527","targetHints":{"allow":["GET"]}}],"collection":[{"href":"https:\/\/schilling-hagen-wohnen.de\/tr\/wp-json\/wp\/v2\/pages"}],"about":[{"href":"https:\/\/schilling-hagen-wohnen.de\/tr\/wp-json\/wp\/v2\/types\/page"}],"author":[{"embeddable":true,"href":"https:\/\/schilling-hagen-wohnen.de\/tr\/wp-json\/wp\/v2\/users\/1"}],"replies":[{"embeddable":true,"href":"https:\/\/schilling-hagen-wohnen.de\/tr\/wp-json\/wp\/v2\/comments?post=2527"}],"version-history":[{"count":3,"href":"https:\/\/schilling-hagen-wohnen.de\/tr\/wp-json\/wp\/v2\/pages\/2527\/revisions"}],"predecessor-version":[{"id":23929,"href":"https:\/\/schilling-hagen-wohnen.de\/tr\/wp-json\/wp\/v2\/pages\/2527\/revisions\/23929"}],"wp:attachment":[{"href":"https:\/\/schilling-hagen-wohnen.de\/tr\/wp-json\/wp\/v2\/media?parent=2527"}],"curies":[{"name":"wp","href":"https:\/\/api.w.org\/{rel}","templated":true}]}}